{"id":1955,"date":"2025-10-10T13:30:02","date_gmt":"2025-10-10T13:30:02","guid":{"rendered":"https:\/\/taekniheimur.is\/?page_id=1955"},"modified":"2025-10-10T13:45:07","modified_gmt":"2025-10-10T13:45:07","slug":"terms","status":"publish","type":"page","link":"https:\/\/taekniheimur.is\/is\/terms\/","title":{"rendered":"Skilm\u00e1lar"},"content":{"rendered":"<div data-elementor-type=\"wp-page\" data-elementor-id=\"1955\" class=\"elementor elementor-1955\" data-elementor-post-type=\"page\">\n\t\t\t\t<div data-dce-background-image-url=\"https:\/\/taekniheimur.is\/wp-content\/uploads\/2025\/08\/1920x540.jpg\" class=\"elementor-element elementor-element-07a8b19 e-flex e-con-boxed e-con e-parent\" data-id=\"07a8b19\" data-element_type=\"container\" data-settings=\"{&quot;background_background&quot;:&quot;classic&quot;}\">\n\t\t\t\t\t<div class=\"e-con-inner\">\n\t\t<div class=\"elementor-element elementor-element-7d23794 e-con-full e-flex e-con e-child\" data-id=\"7d23794\" data-element_type=\"container\">\n\t\t\t\t<div class=\"elementor-element elementor-element-b08091b elementor-widget elementor-widget-heading\" data-id=\"b08091b\" data-element_type=\"widget\" data-widget_type=\"heading.default\">\n\t\t\t\t\t<h1 class=\"elementor-heading-title elementor-size-default\">Skilm\u00e1lar<\/h1>\t\t\t\t<\/div>\n\t\t\t\t<div class=\"elementor-element elementor-element-21b75ad elementor-widget-divider--view-line elementor-widget elementor-widget-divider\" data-id=\"21b75ad\" data-element_type=\"widget\" data-widget_type=\"divider.default\">\n\t\t\t\t\t\t\t<div class=\"elementor-divider\">\n\t\t\t<span class=\"elementor-divider-separator\">\n\t\t\t\t\t\t<\/span>\n\t\t<\/div>\n\t\t\t\t\t\t<\/div>\n\t\t\t\t<div class=\"elementor-element elementor-element-708e33c elementor-widget elementor-widget-heading\" data-id=\"708e33c\" data-element_type=\"widget\" data-widget_type=\"heading.default\">\n\t\t\t\t\t<h6 class=\"elementor-heading-title elementor-size-default\">Hafa Samband<\/h6>\t\t\t\t<\/div>\n\t\t\t\t<div class=\"elementor-element elementor-element-1c54129 elementor-align-center elementor-icon-list--layout-traditional elementor-list-item-link-full_width elementor-widget elementor-widget-icon-list\" data-id=\"1c54129\" data-element_type=\"widget\" data-widget_type=\"icon-list.default\">\n\t\t\t\t\t\t\t<ul class=\"elementor-icon-list-items\">\n\t\t\t\t\t\t\t<li class=\"elementor-icon-list-item\">\n\t\t\t\t\t\t\t\t\t\t\t<a href=\"tel:+354%208832031\">\n\n\t\t\t\t\t\t\t\t\t\t\t<span class=\"elementor-icon-list-text\">8832031<\/span>\n\t\t\t\t\t\t\t\t\t\t\t<\/a>\n\t\t\t\t\t\t\t\t\t<\/li>\n\t\t\t\t\t\t\t\t<li class=\"elementor-icon-list-item\">\n\t\t\t\t\t\t\t\t\t\t\t<a href=\"mailto:info@taekniheimur.is\">\n\n\t\t\t\t\t\t\t\t\t\t\t<span class=\"elementor-icon-list-text\">info@taekniheimur.is<\/span>\n\t\t\t\t\t\t\t\t\t\t\t<\/a>\n\t\t\t\t\t\t\t\t\t<\/li>\n\t\t\t\t\t\t<\/ul>\n\t\t\t\t\t\t<\/div>\n\t\t\t\t<\/div>\n\t\t\t\t\t<\/div>\n\t\t\t\t<\/div>\n\t\t<div class=\"elementor-element elementor-element-7732e6f e-flex e-con-boxed e-con e-parent\" data-id=\"7732e6f\" data-element_type=\"container\">\n\t\t\t\t\t<div class=\"e-con-inner\">\n\t\t\t\t<div class=\"elementor-element elementor-element-a650764 elementor-widget elementor-widget-text-editor\" data-id=\"a650764\" data-element_type=\"widget\" data-widget_type=\"text-editor.default\">\n\t\t\t\t\t\t\t\t\t<div class=\"boxTitle\"><div class=\"boxTitle\"><h1><b style=\"font-size: 16px;\">Vi\u00f0skiptaskilm\u00e1lar T\u00e6kniheimur.is<\/b><\/h1><\/div><div class=\"boxText\"><div class=\"entry almennt\"><div class=\"entryContent\"><p><b>T\u00e6kniheimur.is \u00e1skilur s\u00e9r r\u00e9tt til a\u00f0 breyta reglum og skilm\u00e1lum \u00e1n fyrirvara. \u00d6ll ver\u00f0 \u00e1 s\u00ed\u00f0unni eru birt me\u00f0 fyrirvara um innsl\u00e1ttar- og kerfisvillur.<\/b><\/p><p><strong>Vi\u00f0 sta\u00f0festingu p\u00f6ntunar \u00ed netverslun e\u00f0a \u00feegar stofna\u00f0 er til vi\u00f0skiptasambands vi\u00f0 T\u00e6kniheimur.is sam\u00feykkir vi\u00f0skiptavinur eftirfarandi vi\u00f0skiptaskilm\u00e1la:<\/strong><\/p><p><b>\u00a0<\/b><\/p><p><b>#Grei\u00f0slum\u00f6guleikar<\/b><\/p><p>Vi\u00f0 bj\u00f3\u00f0um upp \u00e1 eftirfarandi grei\u00f0slum\u00f6guleika sem stendur:<\/p><p>\u2013 Millif\u00e6rsla (Ekki \u00ed gegnum vefverslun)<\/p><p>\u2013 Rei\u00f0uf\u00e9 (Einungis vi\u00f0 afhendingu b\u00fana\u00f0ar\/v\u00f6ru)<\/p><p><b>\u00a0<\/b><\/p><p><b># Skilar\u00e9ttur<\/b><\/p><p>14 daga skilar\u00e9ttur af v\u00f6rum, \u00fe\u00f3 b\u00fai\u00f0 s\u00e9 a\u00f0 opna umb\u00fa\u00f0ir og pr\u00f3fa, gegn framv\u00edsun kvittunar fyrir kaupum, e\u00f0a sta\u00f0festingu \u00e1 m\u00f3tt\u00f6ku sem s\u00fdnir me\u00f0 fulln\u00e6gjandi h\u00e6tti hven\u00e6r vara var keypt e\u00f0a afhent. Vi\u00f0skiptavinur ber \u00e1byrg\u00f0 \u00e1 \u00feeirri r\u00fdrnun \u00e1 ver\u00f0gildi v\u00f6runnar sem stafar af me\u00f0fer\u00f0 hennar, sem ekki telst nau\u00f0synleg til a\u00f0 sta\u00f0festa eiginleika og virkni. Enn fremur \u00feurfa umb\u00fa\u00f0ir \u00e1samt fylgihlutum og handb\u00f3kum a\u00f0 fylgja me\u00f0 v\u00f6ru.<\/p><p><strong>Skilar\u00e9ttur \u00feessi \u00e1 ekki vi\u00f0 um hverskonar v\u00f6rur sem eru settar \u00ed e\u00f0a skipt um \u00ed leikjat\u00f6lvum (t.d. Modkubbar, st\u00fdripinnar, PCB \u00edhlutir, rafhl\u00f6\u00f0ur, skj\u00e1ir ogsfrv) sem sett var \u00ed t\u00f6lvu me\u00f0 sam\u00feykki vi\u00f0skiptavinar.<\/strong><\/p><p>S\u00e9 v\u00f6ru skila\u00f0 e\u00f0a tilkynnt um skil innan 14 daga fr\u00e1 kaupum e\u00f0a afhendingu, b\u00fd\u00f0st vi\u00f0skiptavini full endurgrei\u00f0sla e\u00f0a inneignarn\u00f3ta sem jafngildir upphaflegu kaupver\u00f0i, en eftir \u00fea\u00f0 er mi\u00f0a\u00f0 vi\u00f0 \u00fea\u00f0 ver\u00f0 sem er \u00ed verslun vi\u00f0 skil s\u00e9 \u00fea\u00f0 l\u00e6gra.<\/p><p>30 daga skilar\u00e9ttur af v\u00f6rum ef \u00fe\u00e6r eru \u00ed \u00f3opnu\u00f0um umb\u00fa\u00f0um gegn framv\u00edsun kvittunar fyrir kaupum, e\u00f0a sta\u00f0festingu \u00e1 m\u00f3tt\u00f6ku sem s\u00fdnir me\u00f0 fulln\u00e6gjandi h\u00e6tti hven\u00e6r vara var keypt e\u00f0a afhent. Skilar\u00e9ttur \u00feessi \u00e1 ekki vi\u00f0 s\u00e9rp\u00f6ntunum e\u00f0a \u00fats\u00f6luv\u00f6ru.<\/p><p>Vi\u00f0skiptavinur ber beinan kostna\u00f0 af \u00fev\u00ed a\u00f0 skila v\u00f6ru og ber \u00e1byrg\u00f0 \u00e1 a\u00f0 koma v\u00f6runni til T\u00e6kniheimur.is<br \/>Teki\u00f0 er \u00e1 m\u00f3ti v\u00f6ruskilum \u00ed V\u00edkur\u00e1s 1, 110 Reykjav\u00edk \u00e1 uppgefnum opnunart\u00edmum verkst\u00e6\u00f0is.<br \/>Einnig er h\u00e6gt a\u00f0 tilkynna v\u00f6ruskil innan 14 daga fr\u00e1 m\u00f3tt\u00f6ku b\u00fana\u00f0ar \u00e1 netfangi\u00f0 thjonusta@taekniheimur.is<br \/>Skilar\u00e9ttur gildir ekki um s\u00e9rpanta\u00f0ar v\u00f6rur, hugb\u00fana\u00f0 sem hefur veri\u00f0 opna\u00f0ur\/virkja\u00f0ur og \u00fej\u00f3nustu sem \u00feegar hefur veri\u00f0 veitt.<\/p><p><b>Athugi\u00f0: Vi\u00f0skiptavinur ber \u00e1byrg\u00f0 \u00e1 kostna\u00f0i vegna sendingar vi\u00f0 skil \u00e1 v\u00f6ru.<br \/><\/b><\/p><p><b>\u00a0<\/b><\/p><p><b>#\u00c1byrg\u00f0 \u00e1 v\u00f6rum<br \/><br \/><\/b><\/p><p>S\u00f6lureikningur v\u00f6ru telst \u00e1byrg\u00f0arsk\u00edrteini og gildir \u00e1byrg\u00f0 fr\u00e1 kaupdegi.<br \/>Allur n\u00fdr v\u00e9lb\u00fana\u00f0ur, sem T\u00e6kniheimur.is afhendir, n\u00fdtur \u00e1byrg\u00f0ar \u00e1 skilgreindu \u00fej\u00f3nustut\u00edmabili. S\u00e9 \u00e1byrg\u00f0art\u00edmi ekki skilgreindur, er hann 2 \u00e1r.<br \/>Almennur \u00e1byrg\u00f0art\u00edmi \u00e1 v\u00f6rum er 2 \u00e1r nema anna\u00f0 s\u00e9 s\u00e9rstaklega teki\u00f0 fram \u00e1 kaupn\u00f3tu e\u00f0a \u00ed v\u00f6rul\u00fdsingu vi\u00f0eigandi v\u00f6ru. \u00c1byrg\u00f0 n\u00e6r yfir framlei\u00f0slugalla en ekki e\u00f0lileg slit e\u00f0a tj\u00f3n vegna rangrar notkunar.<br \/>Rafhl\u00f6\u00f0ur teljast sem rekstrarvara og eru almennt \u00ed 6 \u2013 12 m\u00e1na\u00f0a \u00e1byrg\u00f0 fr\u00e1 framlei\u00f0enda.<br \/>\u00c1byrg\u00f0 \u00e1 \u00f6llum v\u00f6rum mi\u00f0ast \u00ed \u00f6llum tilfellum vi\u00f0 t\u00e6ki\u00f0 hafi veri\u00f0 r\u00e9tt nota\u00f0 og eftir lei\u00f0beiningum framlei\u00f0enda e\u00f0a s\u00e9rst\u00f6kum lei\u00f0beiningum T\u00e6kniheimur.is og a\u00f0 b\u00fana\u00f0\/t\u00e6kinu hafi veri\u00f0 r\u00e9tt vi\u00f0haldi\u00f0. \u00c1byrg\u00f0 n\u00e6r ekki til ska\u00f0a e\u00f0a bilana sem stafa af flutningi, rangri uppsetningu, rangri me\u00f0fer\u00f0 e\u00f0a misnotkun.<\/p><p><strong>Tilkynna \u00fearf um galla eins flj\u00f3tt og au\u00f0i\u00f0 er, ekki m\u00e1 eiga vi\u00f0 v\u00e9lb\u00fana\u00f0 \u00ed t\u00e6ki af a\u00f0ilum sem eru \u00f3vi\u00f0komandi seljanda nema \u00ed samr\u00e1\u00f0i vi\u00f0 hann.<\/strong><br \/><strong>T\u00e6kniheimur.is \u00e1skilur s\u00e9r r\u00e9tt til \u00feess a\u00f0 sannreyna galla.<\/strong><br \/><strong><br \/>Athugi\u00f0: Komi til \u00e1byrg\u00f0arvi\u00f0ger\u00f0ar tekur T\u00e6kniheimur.is ekki \u00e1byrg\u00f0 \u00e1 g\u00f6gnum e\u00f0a neinskonar hugb\u00fana\u00f0i sem hefur veri\u00f0 settur upp \u00e1 t\u00e6ki eftir kaup.<\/strong><\/p><p><b>\u00a0<\/b><\/p><p><b># Vi\u00f0ger\u00f0ir \u00e1 t\u00f6lvub\u00fana\u00f0i<br \/><br \/><\/b><\/p><p>\u00c1 \u00cdslandi annast Verkst\u00e6\u00f0i T\u00e6kniheimur.is vi\u00f0ger\u00f0\u00fej\u00f3nustu og \u00e1byrg\u00f0arm\u00e1l \u00e1 \u00f6llum b\u00fana\u00f0i sem seldur og \u00fej\u00f3nusta\u00f0ur er af T\u00e6kniheimur.is<\/p><p>Verkst\u00e6\u00f0i T\u00e6kniheimur.is er \u00ed V\u00edkur\u00e1s 1, 110 Reykjav\u00edk. S\u00edmi 883-2031. Netfang thjonusta@taekniheimur.is<\/p><p><strong>Komi \u00ed lj\u00f3s vi\u00f0 sko\u00f0un hj\u00e1 T\u00e6kniheimur.is e\u00f0a vi\u00f0urkenndum \u00fej\u00f3nustua\u00f0ila a\u00f0 b\u00fana\u00f0ur s\u00e9 ekki haldinn galla, skal vi\u00f0skiptavinur grei\u00f0a sko\u00f0unargjald, 8500 kr hj\u00e1 T\u00e6kniheimur.is e\u00f0a \u00ed samr\u00e6mi vi\u00f0 gildandi ver\u00f0skr\u00e1 vi\u00f0komandi \u00fej\u00f3nustua\u00f0ila, auk flutningskostna\u00f0ar ef vi\u00f0 \u00e1.<\/strong><\/p><p><b>\u00a0<\/b><\/p><p><b><br \/># \u00c1byrg\u00f0 vegna vi\u00f0ger\u00f0a \u00e1 b\u00fana\u00f0 sem er ekki seldur hj\u00e1 T\u00e6kniheimur.is, sem vi\u00f0skiptavinur kemur me\u00f0 \u00e1 verkst\u00e6\u00f0i T\u00e6kniheimur.is<br \/><br \/><\/b><\/p><p>Teki\u00f0 er \u00e1 m\u00f3ti b\u00fana\u00f0i til vi\u00f0er\u00f0ar \u00e1 Verkst\u00e6\u00f0i T\u00e6kniheimur.is sem er \u00ed V\u00edkur\u00e1s 1, 110 Reykjav\u00edk.<\/p><p>1 \u00e1rs \u00e1byrg\u00f0 er tekin \u00e1 vinnu og efni sem nota\u00f0 er vegna vi\u00f0ger\u00f0ar\u00fej\u00f3nustu \u00e1 sl\u00edkum b\u00fana\u00f0.<br \/>\u00c1byrg\u00f0 \u00e1 allri vi\u00f0ger\u00f0ar\u00fej\u00f3nustu mi\u00f0ast \u00ed \u00f6llum tilfellum vi\u00f0 t\u00e6ki\u00f0 hafi veri\u00f0 r\u00e9tt nota\u00f0 og eftir lei\u00f0beiningum framlei\u00f0enda e\u00f0a s\u00e9rst\u00f6kum lei\u00f0beiningum T\u00e6kniheimur.is og a\u00f0 b\u00fana\u00f0\/t\u00e6kinu hafi veri\u00f0 r\u00e9tt vi\u00f0haldi\u00f0.<\/p><p>\u00c1byrg\u00f0 \u00e1 vi\u00f0ger\u00f0ar\u00fej\u00f3nustu n\u00e6r ekki til ska\u00f0a e\u00f0a bilana sem stafa af flutningi, rangri uppsetningu, rangri me\u00f0fer\u00f0 e\u00f0a misnotkun.<\/p><p>T\u00e6kniheimur.is b\u00e6tir ekki tj\u00f3n sem ver\u00f0ur \u00e1 b\u00fana\u00f0i sem T\u00e6kniheimur.is hefur \u00fej\u00f3nusta\u00f0 e\u00f0a vi\u00f0gert eftir a\u00f0 b\u00fana\u00f0ur er afhentur vi\u00f0skiptavin.<\/p><p>Ef \u00ed lj\u00f3s kemur, a\u00f0 mati t\u00e6knimanna T\u00e6kniheimur.is, a\u00f0 tj\u00f3n \u00e1 b\u00fana\u00f0i sem T\u00e6kniheimur hefur vi\u00f0gert \u00ed umbo\u00f0i vi\u00f0skiptavinar, megi rekja beint til mistaka vi\u00f0 vinnu T\u00e6kniheimur.is \u00e1 \u00feeim b\u00fana\u00f0, vegna galla \u00e1 efnum \u00feeim sem notu\u00f0 voru vi\u00f0 vi\u00f0ger\u00f0 \u00e1 b\u00fana\u00f0num e\u00f0a vegna galla \u00e1 \u00feeim \u00edhlutum sem settir voru \u00ed b\u00fana\u00f0inn, \u00fe\u00e1 b\u00e6tir T\u00e6kniheimur.is tj\u00f3ni\u00f0 sem var\u00f0 til vegna vi\u00f0ger\u00f0ar \u00e1 Verkst\u00e6\u00f0i T\u00e6kniheimur.is me\u00f0 \u00fev\u00ed a\u00f0 gera vi\u00f0 b\u00fana\u00f0inn a\u00f0 n\u00fdju endurgjaldslaust.<\/p><p>Ef vi\u00f0ger\u00f0 skilar ekki \u00e1rangri og tj\u00f3n \u00e1 b\u00fana\u00f0i m\u00e1 rekja til vinnu T\u00e6kniheimur.is \u00e1 b\u00fana\u00f0inum, \u00fe\u00e1 b\u00e6tir T\u00e6kniheimur.is b\u00fana\u00f0inn upp a\u00f0 sama marki og t\u00e6kjatrygging Tryggingaf\u00e9lagsins V\u00f6r\u00f0ur me\u00f0 \u00feeim reglum sem hj\u00e1 \u00feeim gilda um \u00e1byrg\u00f0artryggingu raft\u00e6kja.<\/p><p><strong>Ef \u00ed lj\u00f3s kemur a\u00f0 ekki megi rekja tj\u00f3n til vinnu T\u00e6kniheimur.is \u00e1 b\u00fana\u00f0num, skal vi\u00f0skiptavinur grei\u00f0a sko\u00f0unargjald. 8500 kr hj\u00e1 T\u00e6kniheimur.is<\/strong><\/p><p>\u00c1byrg\u00f0 \u00e1 vinnu n\u00e6r ekki til tj\u00f3ns sem ver\u00f0ur til vegna e\u00f0lilegs slits \u00e1 b\u00fana\u00f0i vegna notkunar.<\/p><p><b>\u00a0<\/b><\/p><p><b># Pers\u00f3nuvernd<br \/><\/b><br \/>T\u00e6kniheimur.is me\u00f0h\u00f6ndlar pers\u00f3nuuppl\u00fdsingar \u00ed samr\u00e6mi vi\u00f0 gildandi l\u00f6g um pers\u00f3nuvernd. Vi\u00f0 s\u00f6fnum a\u00f0eins uppl\u00fdsingum sem nau\u00f0synlegar eru fyrir vi\u00f0skipti okkar vi\u00f0 \u00feig.<\/p><p>D\u00e6mi um uppl\u00fdsingar sem vi\u00f0 s\u00f6fnum:<br \/>Nafn<br \/>Kennitala<br \/>Netfang<br \/>Heimilisfang<br \/>S\u00edman\u00famer<br \/>Grei\u00f0sluuppl\u00fdsingar<br \/>\u00deinn a\u00f0gangur<\/p><p>Sem skr\u00e1\u00f0ur notandi \u00ed Netverslun T\u00e6kniheimur.is ber\u00f0 \u00fe\u00fa \u00e1byrg\u00f0 \u00e1 tr\u00fana\u00f0i um notendaheiti, lykilor\u00f0 og a\u00f0gang a\u00f0 \u00feeim t\u00f6lvum sem \u00fe\u00fa kannt a\u00f0 nota til a\u00f0gangs \u00e1 vefinn. Vi\u00f0 skr\u00e1ningu sam\u00feykkir \u00fe\u00fa a\u00f0 bera \u00e1byrg\u00f0 \u00e1 \u00f6llum notkunartilvikum var\u00f0andi \u201eS\u00ed\u00f0una m\u00edna\u201c(\u201cMy Account\u201d) og lykilor\u00f0. T\u00e6kniheimur.is \u00e1skilur s\u00e9r einhli\u00f0a r\u00e9tt til a\u00f0 hafna \u00fej\u00f3nustu, loka a\u00f0gangi, fjarl\u00e6gja e\u00f0a breyta innihaldi vefsins e\u00f0a st\u00f6\u00f0va pantanir ef \u00feurfa \u00feykir af \u00f6ryggis- e\u00f0a \u00f6\u00f0rum \u00e1st\u00e6\u00f0um.<\/p><p>Sj\u00e1 n\u00e1nar \u00ed pers\u00f3nuverndarstefnu okkar <span style=\"text-decoration: underline;\"><strong><a href=\"https:\/\/taekniheimur.is\/is\/privacy_policy\/\">h\u00e9rna<\/a><\/strong><\/span><\/p><p><b><br \/># Vafrak\u00f6kur<br \/><br \/><\/b>Vi\u00f0 notum vafrak\u00f6kur (cookies) til a\u00f0 b\u00e6ta upplifun notenda \u00e1 vefs\u00ed\u00f0u okkar. Me\u00f0 notkun s\u00ed\u00f0unnar sam\u00feykkir \u00fe\u00fa notkun \u00e1 vafrak\u00f6kum \u00ed samr\u00e6mi vi\u00f0 skilm\u00e1la okkar.<\/p><p>Vi\u00f0 sta\u00f0festingu p\u00f6ntunar \u00ed netverslun T\u00e6kniheimur.is skuldbinda vi\u00f0skiptavinir sig til \u00feess a\u00f0 sam\u00feykkja skilm\u00e1la T\u00e6kniheimur.is<\/p><p>Athugi\u00f0: \u00d6ll ver\u00f0 eru birt me\u00f0 fyrirvara um prentvillur, ver\u00f0breytingar og birg\u00f0arst\u00f6\u00f0u. Ver\u00f0 geta breyst \u00e1n fyrirvara.<\/p><p><b>\u00a0<br \/><\/b><b># Sendingar og afhending<br \/><\/b><br \/>Vi\u00f0 bj\u00f3\u00f0um eftirfarandi afhendingarm\u00f6guleika:<\/p><p>\u2013 Afhenda b\u00fana\u00f0 \u00e1 verkst\u00e6\u00f0i T\u00e6kniheimur.is<\/p><p>- P\u00f3stsendingar<\/p><p>Athugi\u00f0:<\/p><p>Sendingar fara fram me\u00f0 \u00feeim flutningsa\u00f0ilum sem T\u00e6kniheimur.is er \u00ed samstarfi vi\u00f0 a\u00f0 hverju sinni.<br \/>Kostna\u00f0ur p\u00f3stsendinga er anna\u00f0hvort innheimtur vi\u00f0 afhendingu \u00e1 v\u00f6ru me\u00f0 p\u00f3stkr\u00f6fu e\u00f0a me\u00f0 millif\u00e6rslu \u00e1 bankareikning T\u00e6kniheimur.is<br \/><b>\u00a0<\/b><\/p><p><b>#L\u00f6g og varnafor\u00f0ar\u00e1kv\u00e6\u00f0i<\/b><\/p><p>Samningssamband T\u00e6kniheimur.is vi\u00f0 vi\u00f0skiptamenn s\u00edna fellur undir \u00edslensk l\u00f6g. Komi til \u00e1greinings sem ekki tekst a\u00f0 leysa getur vi\u00f0skiptavinur leita\u00f0 til K\u00e6runefnd v\u00f6ru \u2013 og \u00fej\u00f3nustukaupa, Borgart\u00fani 21, 105 Reykjav\u00edk https:\/\/kvth.is. Einnig getur \u00e1greiningur veri\u00f0 rekinn fyrir H\u00e9ra\u00f0sd\u00f3mi Reykjav\u00edkur \u2013 Austurstr\u00e6ti 19, 101 Reykjav\u00edk. Ef einhver \u00e1kv\u00e6\u00f0i skilm\u00e1la \u00feessara e\u00f0a samnings a\u00f0ila eru \u00ed andst\u00f6\u00f0u vi\u00f0 \u00f3fr\u00e1v\u00edkjanleg l\u00f6g og reglur sem um \u00fe\u00e1 gilda e\u00f0a ef sl\u00edk \u00e1kv\u00e6\u00f0i eru d\u00e6md \u00f3gild af d\u00f3mst\u00f3li sem hefur l\u00f6gs\u00f6gu yfir samningsa\u00f0ilum, skulu sl\u00edk samnings\u00e1kv\u00e6\u00f0i umor\u00f0u\u00f0 \u00e1 \u00feann veg a\u00f0 sem minnst r\u00f6skun ver\u00f0i \u00e1 upphaflegum tilgangi samningsa\u00f0ilanna innan ramma vi\u00f0komandi laga og d\u00f3ms\u00farlausna, og skulu \u00e1kv\u00e6\u00f0i skilm\u00e1lanna og\/e\u00f0a samningsa\u00f0ila a\u00f0 \u00f6\u00f0ru leyti halda fullu gildi.<\/p><p><b>\u00a0<br \/><\/b><b># Haf\u00f0u samband<br \/><\/b><br \/>Hafir \u00fe\u00fa spurningar var\u00f0andi skilm\u00e1la okkar, vinsamlegast haf\u00f0u samband \u00ed netfangi\u00f0 info@taekniheimur.is<\/p><\/div><div class=\"boxText\"><div class=\"entry almennt\"><div class=\"entryContent\">\u00a0<\/div><\/div><\/div><\/div><\/div><\/div>\t\t\t\t\t\t\t\t<\/div>\n\t\t\t\t\t<\/div>\n\t\t\t\t<\/div>\n\t\t<div class=\"elementor-element elementor-element-ff5b43c e-con-full elementor-hidden-desktop elementor-hidden-tablet elementor-hidden-mobile e-flex e-con e-parent\" data-id=\"ff5b43c\" data-element_type=\"container\">\n\t\t<div class=\"elementor-element elementor-element-76b3bf6 e-con-full e-flex e-con e-child\" data-id=\"76b3bf6\" data-element_type=\"container\">\n\t\t\t\t<div class=\"elementor-element elementor-element-b213760 elementor-widget elementor-widget-heading\" data-id=\"b213760\" data-element_type=\"widget\" data-widget_type=\"heading.default\">\n\t\t\t\t\t<h2 class=\"elementor-heading-title elementor-size-default\">Umsagnir vi\u00f0skiptavina<\/h2>\t\t\t\t<\/div>\n\t\t<div class=\"elementor-element elementor-element-d63d0e3 e-con-full e-flex e-con e-child\" data-id=\"d63d0e3\" data-element_type=\"container\">\n\t\t<div class=\"elementor-element elementor-element-932a07e e-con-full e-flex e-con e-child\" data-id=\"932a07e\" data-element_type=\"container\">\n\t\t\t\t<div class=\"elementor-element elementor-element-2c9c150 elementor-widget elementor-widget-testimonial\" data-id=\"2c9c150\" data-element_type=\"widget\" data-widget_type=\"testimonial.default\">\n\t\t\t\t\t\t\t<div class=\"elementor-testimonial-wrapper\">\n\t\t\t\t\t\t\t<div class=\"elementor-testimonial-content\">\u201eMe\u00f0m\u00e6li fr\u00e1 vi\u00f0skiptavini sem naut g\u00f3\u00f0s af v\u00f6ru \u00feinni e\u00f0a \u00fej\u00f3nustu. Me\u00f0m\u00e6li geta veri\u00f0 mj\u00f6g \u00e1hrifar\u00edk lei\u00f0 til a\u00f0 byggja upp tr\u00faver\u00f0ugleika og auka or\u00f0spor fyrirt\u00e6kisins.\u201c<\/div>\n\t\t\t\n\t\t\t\t\t\t<div class=\"elementor-testimonial-meta elementor-has-image elementor-testimonial-image-position-aside\">\n\t\t\t\t<div class=\"elementor-testimonial-meta-inner\">\n\t\t\t\t\t\t\t\t\t\t\t<div class=\"elementor-testimonial-image\">\n\t\t\t\t\t\t\t<img decoding=\"async\" src=\"https:\/\/taekniheimur.is\/wp-content\/uploads\/2025\/08\/63x63.jpg\" title=\"\" alt=\"\" loading=\"lazy\" \/>\t\t\t\t\t\t<\/div>\n\t\t\t\t\t\n\t\t\t\t\t\t\t\t\t\t<div class=\"elementor-testimonial-details\">\n\t\t\t\t\t\t\t\t\t\t\t\t\t\t<div class=\"elementor-testimonial-name\">Nafn vi\u00f0skiptavinar<\/div>\n\t\t\t\t\t\t\t\t\t\t\t\t\t\t\t\t\t\t\t<\/div>\n\t\t\t\t\t\t\t\t\t<\/div>\n\t\t\t<\/div>\n\t\t\t\t\t<\/div>\n\t\t\t\t\t\t<\/div>\n\t\t\t\t<\/div>\n\t\t<div class=\"elementor-element elementor-element-bd0f685 e-con-full e-flex e-con e-child\" data-id=\"bd0f685\" data-element_type=\"container\">\n\t\t\t\t<div class=\"elementor-element elementor-element-b1d9718 elementor-widget elementor-widget-testimonial\" data-id=\"b1d9718\" data-element_type=\"widget\" data-widget_type=\"testimonial.default\">\n\t\t\t\t\t\t\t<div class=\"elementor-testimonial-wrapper\">\n\t\t\t\t\t\t\t<div class=\"elementor-testimonial-content\">\u201eMe\u00f0m\u00e6li fr\u00e1 vi\u00f0skiptavini sem naut g\u00f3\u00f0s af v\u00f6ru \u00feinni e\u00f0a \u00fej\u00f3nustu. Me\u00f0m\u00e6li geta veri\u00f0 mj\u00f6g \u00e1hrifar\u00edk lei\u00f0 til a\u00f0 byggja upp tr\u00faver\u00f0ugleika og auka or\u00f0spor fyrirt\u00e6kisins.\u201c<\/div>\n\t\t\t\n\t\t\t\t\t\t<div class=\"elementor-testimonial-meta elementor-has-image elementor-testimonial-image-position-aside\">\n\t\t\t\t<div class=\"elementor-testimonial-meta-inner\">\n\t\t\t\t\t\t\t\t\t\t\t<div class=\"elementor-testimonial-image\">\n\t\t\t\t\t\t\t<img decoding=\"async\" src=\"https:\/\/taekniheimur.is\/wp-content\/uploads\/2025\/08\/63x63.jpg\" title=\"\" alt=\"\" loading=\"lazy\" \/>\t\t\t\t\t\t<\/div>\n\t\t\t\t\t\n\t\t\t\t\t\t\t\t\t\t<div class=\"elementor-testimonial-details\">\n\t\t\t\t\t\t\t\t\t\t\t\t\t\t<div class=\"elementor-testimonial-name\">Nafn vi\u00f0skiptavinar<\/div>\n\t\t\t\t\t\t\t\t\t\t\t\t\t\t\t\t\t\t\t<\/div>\n\t\t\t\t\t\t\t\t\t<\/div>\n\t\t\t<\/div>\n\t\t\t\t\t<\/div>\n\t\t\t\t\t\t<\/div>\n\t\t\t\t<\/div>\n\t\t<div class=\"elementor-element elementor-element-304fd3d e-con-full e-flex e-con e-child\" data-id=\"304fd3d\" data-element_type=\"container\">\n\t\t\t\t<div class=\"elementor-element elementor-element-4acd07e elementor-widget elementor-widget-testimonial\" data-id=\"4acd07e\" data-element_type=\"widget\" data-widget_type=\"testimonial.default\">\n\t\t\t\t\t\t\t<div class=\"elementor-testimonial-wrapper\">\n\t\t\t\t\t\t\t<div class=\"elementor-testimonial-content\">\u201eMe\u00f0m\u00e6li fr\u00e1 vi\u00f0skiptavini sem naut g\u00f3\u00f0s af v\u00f6ru \u00feinni e\u00f0a \u00fej\u00f3nustu. Me\u00f0m\u00e6li geta veri\u00f0 mj\u00f6g \u00e1hrifar\u00edk lei\u00f0 til a\u00f0 byggja upp tr\u00faver\u00f0ugleika og auka or\u00f0spor fyrirt\u00e6kisins.\u201c<\/div>\n\t\t\t\n\t\t\t\t\t\t<div class=\"elementor-testimonial-meta elementor-has-image elementor-testimonial-image-position-aside\">\n\t\t\t\t<div class=\"elementor-testimonial-meta-inner\">\n\t\t\t\t\t\t\t\t\t\t\t<div class=\"elementor-testimonial-image\">\n\t\t\t\t\t\t\t<img decoding=\"async\" src=\"https:\/\/taekniheimur.is\/wp-content\/uploads\/2025\/08\/63x63.jpg\" title=\"\" alt=\"\" loading=\"lazy\" \/>\t\t\t\t\t\t<\/div>\n\t\t\t\t\t\n\t\t\t\t\t\t\t\t\t\t<div class=\"elementor-testimonial-details\">\n\t\t\t\t\t\t\t\t\t\t\t\t\t\t<div class=\"elementor-testimonial-name\">Nafn vi\u00f0skiptavinar<\/div>\n\t\t\t\t\t\t\t\t\t\t\t\t\t\t\t\t\t\t\t<\/div>\n\t\t\t\t\t\t\t\t\t<\/div>\n\t\t\t<\/div>\n\t\t\t\t\t<\/div>\n\t\t\t\t\t\t<\/div>\n\t\t\t\t<\/div>\n\t\t\t\t<\/div>\n\t\t\t\t<\/div>\n\t\t\t\t<\/div>\n\t\t\t\t<\/div>","protected":false},"excerpt":{"rendered":"<p>Terms and Conditions Contact Info 8832031 info@taekniheimur.is Terms and Conditions of T\u00e6kniheimur.is T\u00e6kniheimur.is reserves the right to change the rules and conditions without notice. All prices on the site are published subject to input and system errors. When confirming an order in the online store or when establishing a business relationship with T\u00e6kniheimur.is, the customer [&hellip;]<\/p>","protected":false},"author":2,"featured_media":0,"parent":0,"menu_order":0,"comment_status":"closed","ping_status":"closed","template":"elementor_header_footer","meta":{"footnotes":""},"class_list":["post-1955","page","type-page","status-publish","hentry"],"_links":{"self":[{"href":"https:\/\/taekniheimur.is\/is\/wp-json\/wp\/v2\/pages\/1955","targetHints":{"allow":["GET"]}}],"collection":[{"href":"https:\/\/taekniheimur.is\/is\/wp-json\/wp\/v2\/pages"}],"about":[{"href":"https:\/\/taekniheimur.is\/is\/wp-json\/wp\/v2\/types\/page"}],"author":[{"embeddable":true,"href":"https:\/\/taekniheimur.is\/is\/wp-json\/wp\/v2\/users\/2"}],"replies":[{"embeddable":true,"href":"https:\/\/taekniheimur.is\/is\/wp-json\/wp\/v2\/comments?post=1955"}],"version-history":[{"count":0,"href":"https:\/\/taekniheimur.is\/is\/wp-json\/wp\/v2\/pages\/1955\/revisions"}],"wp:attachment":[{"href":"https:\/\/taekniheimur.is\/is\/wp-json\/wp\/v2\/media?parent=1955"}],"curies":[{"name":"wp","href":"https:\/\/api.w.org\/{rel}","templated":true}]}}