{"id":1963,"date":"2025-10-10T13:52:20","date_gmt":"2025-10-10T13:52:20","guid":{"rendered":"https:\/\/taekniheimur.is\/?page_id=1963"},"modified":"2025-10-11T21:35:41","modified_gmt":"2025-10-11T21:35:41","slug":"privacy_policy","status":"publish","type":"page","link":"https:\/\/taekniheimur.is\/is\/privacy_policy\/","title":{"rendered":"Pers\u00f3nuverndar stefna"},"content":{"rendered":"<div data-elementor-type=\"wp-page\" data-elementor-id=\"1963\" class=\"elementor elementor-1963\" data-elementor-post-type=\"page\">\n\t\t\t\t<div data-dce-background-image-url=\"https:\/\/taekniheimur.is\/wp-content\/uploads\/2025\/08\/1920x540.jpg\" class=\"elementor-element elementor-element-07a8b19 e-flex e-con-boxed e-con e-parent\" data-id=\"07a8b19\" data-element_type=\"container\" data-settings=\"{&quot;background_background&quot;:&quot;classic&quot;}\">\n\t\t\t\t\t<div class=\"e-con-inner\">\n\t\t<div class=\"elementor-element elementor-element-7d23794 e-flex e-con-boxed e-con e-child\" data-id=\"7d23794\" data-element_type=\"container\">\n\t\t\t\t\t<div class=\"e-con-inner\">\n\t\t\t\t<div class=\"elementor-element elementor-element-b08091b elementor-widget elementor-widget-heading\" data-id=\"b08091b\" data-element_type=\"widget\" data-widget_type=\"heading.default\">\n\t\t\t\t\t<h1 class=\"elementor-heading-title elementor-size-default\">Pers\u00f3nuverndar stefna<\/h1>\t\t\t\t<\/div>\n\t\t\t\t<div class=\"elementor-element elementor-element-21b75ad elementor-widget-divider--view-line elementor-widget elementor-widget-divider\" data-id=\"21b75ad\" data-element_type=\"widget\" data-widget_type=\"divider.default\">\n\t\t\t\t\t\t\t<div class=\"elementor-divider\">\n\t\t\t<span class=\"elementor-divider-separator\">\n\t\t\t\t\t\t<\/span>\n\t\t<\/div>\n\t\t\t\t\t\t<\/div>\n\t\t\t\t<div class=\"elementor-element elementor-element-708e33c elementor-widget elementor-widget-heading\" data-id=\"708e33c\" data-element_type=\"widget\" data-widget_type=\"heading.default\">\n\t\t\t\t\t<h6 class=\"elementor-heading-title elementor-size-default\">Hafa Samband<\/h6>\t\t\t\t<\/div>\n\t\t\t\t<div class=\"elementor-element elementor-element-1c54129 elementor-align-center elementor-icon-list--layout-traditional elementor-list-item-link-full_width elementor-widget elementor-widget-icon-list\" data-id=\"1c54129\" data-element_type=\"widget\" data-widget_type=\"icon-list.default\">\n\t\t\t\t\t\t\t<ul class=\"elementor-icon-list-items\">\n\t\t\t\t\t\t\t<li class=\"elementor-icon-list-item\">\n\t\t\t\t\t\t\t\t\t\t\t<a href=\"tel:+354%208832031\">\n\n\t\t\t\t\t\t\t\t\t\t\t<span class=\"elementor-icon-list-text\">8832031<\/span>\n\t\t\t\t\t\t\t\t\t\t\t<\/a>\n\t\t\t\t\t\t\t\t\t<\/li>\n\t\t\t\t\t\t\t\t<li class=\"elementor-icon-list-item\">\n\t\t\t\t\t\t\t\t\t\t\t<a href=\"mailto:info@taekniheimur.is\">\n\n\t\t\t\t\t\t\t\t\t\t\t<span class=\"elementor-icon-list-text\">info@taekniheimur.is<\/span>\n\t\t\t\t\t\t\t\t\t\t\t<\/a>\n\t\t\t\t\t\t\t\t\t<\/li>\n\t\t\t\t\t\t<\/ul>\n\t\t\t\t\t\t<\/div>\n\t\t\t\t\t<\/div>\n\t\t\t\t<\/div>\n\t\t\t\t\t<\/div>\n\t\t\t\t<\/div>\n\t\t<div class=\"elementor-element elementor-element-7732e6f e-flex e-con-boxed e-con e-parent\" data-id=\"7732e6f\" data-element_type=\"container\">\n\t\t\t\t\t<div class=\"e-con-inner\">\n\t\t\t\t<div class=\"elementor-element elementor-element-a650764 elementor-widget elementor-widget-text-editor\" data-id=\"a650764\" data-element_type=\"widget\" data-widget_type=\"text-editor.default\">\n\t\t\t\t\t\t\t\t\t<div class=\"boxTitle\">\n<h1><b style=\"font-size: 16px;\">PERS\u00d3NUVERNDARSTEFNA<\/b><\/h1>\n<\/div>\n<div class=\"boxText\">\n<div class=\"entry almennt\">\n<div class=\"entryContent\">\n<p><b>T\u00e6kniheimur.is<\/b><\/p>\n<p><b>I.            ALMENNT<\/b><br>Pers\u00f3nuvernd \u00fe\u00edn skiptir m\u00e1li. Stefna \u00feessi tekur til pers\u00f3nuuppl\u00fdsinga hvort sem \u00feeim er safna\u00f0 og \u00fe\u00e6r var\u00f0veittar me\u00f0 rafr\u00e6num h\u00e6tti, \u00e1 papp\u00edr e\u00f0a me\u00f0 \u00f6\u00f0rum samb\u00e6rilegum h\u00e6tti. Stefnan tekur til skr\u00e1ningar, v\u00f6rslu og vinnslu \u00e1 pers\u00f3nuuppl\u00fdsingum sem falla undir stefnuna. Stefnan er a\u00f0gengileg \u00e1 heimas\u00ed\u00f0u okkar.<br><br><\/p>\n<p><b>II.            PERS\u00d3NUVERNDARL\u00d6GGJ\u00d6F<\/b><br>Um me\u00f0fer\u00f0 pers\u00f3nuuppl\u00fdsinga gilda l\u00f6g um pers\u00f3nuvernd og me\u00f0fer\u00f0 pers\u00f3nuuppl\u00fdsinga eins og \u00feau eru \u00e1 hverjum t\u00edma, sem og vi\u00f0komandi ger\u00f0ir samningsins um Evr\u00f3pska efnahagssv\u00e6\u00f0i\u00f0. Taka l\u00f6gin me\u00f0al annars \u00e1 vinnslu, v\u00f6rslu og mi\u00f0lun pers\u00f3nuuppl\u00fdsinga.<br><br><\/p>\n<p><b>III.            \u00c1BYRG\u00d0<\/b><br>Fyrirt\u00e6ki\u00f0 ber \u00e1byrg\u00f0 \u00e1 skr\u00e1ningu pers\u00f3nuuppl\u00fdsinga og me\u00f0fer\u00f0 \u00feeirra uppl\u00fdsinga \u00ed starfsemi sinni. T\u00e6kniheimur.is, me\u00f0 a\u00f0setur a\u00f0 V\u00edkur\u00e1s 1, 110 Reykjav\u00edk, er l\u00f6glegur stj\u00f3rnandi pers\u00f3nuuppl\u00fdsinga sem \u00fe\u00fa veitir fyrirt\u00e6kinu. H\u00e6gt er a\u00f0 hafa samband vi\u00f0 okkur \u00ed a\u00f0setri okkar, me\u00f0 t\u00f6lvup\u00f3sti \u00e1 p\u00f3stfang info@taekniheimur.is og me\u00f0 \u00fev\u00ed a\u00f0 hringja \u00ed 883-2031<br><br><\/p>\n<p><b>IV.            S\u00d6FNUN OG NOTKUN<\/b><br>Samkv\u00e6mt gildandi l\u00f6gum um pers\u00f3nuvernd og, \u00fear sem vi\u00f0 \u00e1, me\u00f0 \u00fe\u00ednu sam\u00feykki getum vi\u00f0 og \u00fej\u00f3nustuveitendur okkar (sem g\u00e6tu komi\u00f0 fram fyrir h\u00f6nd fyrirt\u00e6kisins) safna\u00f0 pers\u00f3nuuppl\u00fdsingum um \u00feig:<\/p>\n<ul>\n<li>um nafn \u00feitt, s\u00edman\u00famer og netfang til a\u00f0 geta svara\u00f0 fyrirspurnum og brug\u00f0ist vi\u00f0 \u00f3skum \u00fe\u00ednum, til a\u00f0 svara spurningum \u00fe\u00ednum og athugasemdum,<\/li>\n<li>um nafn \u00feitt, kennit\u00f6lu, s\u00edman\u00famer, heimilisfang, netfang, dulk\u00f3\u00f0a\u00f0 n\u00famer kreditkorts, bankauppl\u00fdsingar, mat \u00e1 grei\u00f0slugetu, vegna s\u00f6lu \u00e1 v\u00f6ru og \u00fej\u00f3nustu sem vi\u00f0 bj\u00f3\u00f0um upp \u00e1 e\u00f0a h\u00f6fum millig\u00f6ngu um,<\/li>\n<li>um nafn \u00feitt, kennit\u00f6lu, heimilisfang, tegund, umfang og dagsetningu vi\u00f0skipta til a\u00f0 geta uppfyllt skyldu okkar samkv\u00e6mt b\u00f3khaldsl\u00f6gum,<\/li>\n<li>um nafn \u00feitt, heimilisfang, s\u00edman\u00famer og netfang, f\u00e6\u00f0ingardag og aldur me\u00f0 \u00fe\u00ednu sam\u00feykki til a\u00f0 geta veitt \u00fe\u00e9r kost \u00e1 a\u00f0 taka \u00fe\u00e1tt \u00ed k\u00f6nnunum, kynningarherfer\u00f0um me\u00f0 ver\u00f0launum, keppnum og \u00f6\u00f0rum kynningum og e\u00f0a til a\u00f0 geta sent \u00fe\u00e9r kynningarefni, tilbo\u00f0 e\u00f0a s\u00e9rsni\u00f0nar augl\u00fdsingar,<\/li>\n<li>um nafn \u00feitt og netfang me\u00f0 \u00fe\u00ednu sam\u00feykki til a\u00f0 geta gert \u00fe\u00e9r kleift a\u00f0 nota vef- og samf\u00e9lagsmi\u00f0las\u00ed\u00f0ur okkar,<\/li>\n<li>myndbandsuppt\u00f6kum af \u00fe\u00e9r \u00ed \u00f6ryggismyndav\u00e9lakerfi fyrirt\u00e6kisins. Tilgangur \u00f6ryggismyndav\u00e9lakerfis er einkum \u00f6ryggis- og eignavarsla, til a\u00f0 g\u00e6ta hagsmuna fyrirt\u00e6kisins, vi\u00f0skiptavina \u00feess og starfsmanna<\/li>\n<li>uppl\u00fdsingar kunna a\u00f0 safnast sj\u00e1lfkrafa s.s. \u00feegar \u00fe\u00fa heims\u00e6kir heimas\u00ed\u00f0ur okkar, t.d. IP-tala \u00fe\u00edn og uppl\u00fdsingar um t\u00f6lvukerfi\u00f0 sem er nota\u00f0. Einnig eru skr\u00e1\u00f0ar uppl\u00fdsingar um hvernig \u00fe\u00fa notar heimas\u00ed\u00f0u okkar. \u00deessum uppl\u00fdsingum er safna\u00f0 me\u00f0 notkun vafrakaka (e. Cookies) en n\u00e1nari uppl\u00fdsingar um vefk\u00f6kur m\u00e1 finna h\u00e9r ne\u00f0ar (sj\u00e1 undir Vafrak\u00f6kur).<br><br><br><\/li>\n<\/ul>\n<p><b>V.            MI\u00d0LUN<\/b><br>Vi\u00f0 seljum aldrei pers\u00f3nuuppl\u00fdsingar um \u00feig. Vi\u00f0 mi\u00f0lum aldrei pers\u00f3nuuppl\u00fdsingum til \u00feri\u00f0ja a\u00f0ila \u00e1n \u00feess a\u00f0 sam\u00feykki \u00feitt fyrir mi\u00f0luninni liggi fyrir (sem \u00fe\u00e9r er frj\u00e1lst a\u00f0 hafna) nema \u00fear sem okkur er \u00fea\u00f0 skylt samkv\u00e6mt l\u00f6gum e\u00f0a \u00ed \u00feeim tilvikum sem talin eru upp \u00ed IV. kafla e\u00f0a \u00ed n\u00e6stu m\u00e1lsgrein.<br>Okkur er heimilt a\u00f0 mi\u00f0la pers\u00f3nuuppl\u00fdsingum til \u00feri\u00f0ja a\u00f0ila (vinnslua\u00f0ila) sem er \u00fej\u00f3nustuveitandi, umbo\u00f0sma\u00f0ur e\u00f0a verktaki okkar \u00ed \u00feeim tilgangi a\u00f0 lj\u00faka vi\u00f0 verkefni e\u00f0a veita \u00fe\u00e9r \u00fej\u00f3nustu e\u00f0a v\u00f6ru sem \u00fe\u00fa hefur be\u00f0i\u00f0 um e\u00f0a sam\u00feykkt. Okkur er einnig heimilt a\u00f0 deila uppl\u00fdsingum me\u00f0 vinnslua\u00f0ilum \u00feegar \u00fea\u00f0 er nau\u00f0synlegt til a\u00f0 vernda br\u00fdna hagsmuni t.d. vi\u00f0 innheimtu \u00e1 vanskilakr\u00f6fu. Vi\u00f0 deilum einnig uppl\u00fdsingum, \u00ed t\u00f6lfr\u00e6\u00f0ilegum tilgangi, me\u00f0 vinnslua\u00f0ilum sem vinna me\u00f0 okkur vi\u00f0 g\u00e6\u00f0a- og marka\u00f0sstarf. Vi\u00f0 afhendum vinnslua\u00f0ilunum einungis \u00fe\u00e6r pers\u00f3nuuppl\u00fdsingar sem eru nau\u00f0synlegar fyrir \u00fe\u00e1 \u00ed framangreindum tilgangi og gerum vi\u00f0 \u00fe\u00e1 samning \u00fear sem \u00feeir undirgangast skyldu um a\u00f0 halda uppl\u00fdsingum um \u00feig \u00f6ruggum og nota \u00fe\u00e6r einungis \u00ed framangreindum tilgangi.<br>\u00de\u00e1 er athygli \u00fe\u00edn vakin \u00e1 a\u00f0 allt efni sem \u00fe\u00fa birtir e\u00f0a deilir \u00e1 samf\u00e9lagsmi\u00f0las\u00ed\u00f0um okkar eru opinberar uppl\u00fdsingar. Athygli \u00fe\u00edn er vakin \u00e1 a\u00f0 me\u00f0 \u00fev\u00ed a\u00f0 tengja saman s\u00ed\u00f0ureikning \u00feinn og samf\u00e9lagsmi\u00f0lareikninginn \u00feinn gefur \u00fe\u00fa okkur leyfi til a\u00f0 deila uppl\u00fdsingum me\u00f0 veitanda samf\u00e9lagsmi\u00f0la\u00fej\u00f3nustunnar og notkun \u00feeirra uppl\u00fdsinga sem vi\u00f0 deilum stj\u00f3rnast af stefnu samf\u00e9lagsmi\u00f0ilsins um pers\u00f3nuvernd. Ef \u00fe\u00fa vilt ekki a\u00f0 pers\u00f3nuuppl\u00fdsingum \u00fe\u00ednum s\u00e9 deilt me\u00f0 \u00f6\u00f0rum notendum e\u00f0a me\u00f0 veitanda samf\u00e9lagsmi\u00f0la\u00fej\u00f3nustunnar, skaltu ekki tengja samf\u00e9lagsmi\u00f0lareikninginn \u00feinn vi\u00f0 s\u00ed\u00f0ureikninginn e\u00f0a deila efni inn \u00e1 samf\u00e9lagsmi\u00f0la fr\u00e1 s\u00ed\u00f0unni.<br><br><\/p>\n<p><b>VI.            \u00deRI\u00d0JU A\u00d0ILAR<br><\/b>Pers\u00f3nuverndarstefnan n\u00e6r ekki til uppl\u00fdsinga e\u00f0a vinnslu \u00feri\u00f0ju a\u00f0ila en vi\u00f0 h\u00f6fum enga stj\u00f3rn \u00e1 n\u00e9 berum \u00e1byrg\u00f0 \u00e1 notkun, birtingu e\u00f0a \u00f6\u00f0rum verkum \u00feeirra. Vi\u00f0 hvetjum \u00feig \u00fev\u00ed til a\u00f0 kynna \u00fe\u00e9r pers\u00f3nuverndarstefnu \u00feri\u00f0ju a\u00f0ila, \u00fe. \u00e1 m. vefh\u00fdsingara\u00f0ilum \u00feeirra s\u00ed\u00f0na sem geta v\u00edsa\u00f0 \u00e1 okkar, hugb\u00fana\u00f0arfyrirt\u00e6kja \u00e1 bor\u00f0 vi\u00f0 Facebook, Apple, Google og Microsoft \u00e1samt \u00feeirri grei\u00f0slu\u00fej\u00f3nustu sem \u00fe\u00fa k\u00fdst a\u00f0 nota.<br><br><\/p>\n<p><b>VII.            VERNDUN<\/b><br>Vi\u00f0 leggjum mikla \u00e1herslu \u00e1 a\u00f0 vernda vel allar pers\u00f3nuuppl\u00fdsingar og h\u00f6fum \u00fev\u00ed yfir a\u00f0 skipa innra eftirlitskerfi sem \u00e1 a\u00f0 tryggja a\u00f0 \u00e1vallt skulu ger\u00f0ar vi\u00f0eigandi t\u00e6knilegar og skipulagslegar \u00f6ryggis\u00adr\u00e1\u00f0stafanir.<br>Vi\u00f0 munum tilkynna \u00fe\u00e9r \u00e1n \u00f3tilhl\u00fd\u00f0ilegrar tafar ef upp kemur \u00f6ryggisbrot er var\u00f0ar pers\u00f3nuuppl\u00fdsingarnar \u00fe\u00ednar sem hefur \u00ed f\u00f6r me\u00f0 s\u00e9r mikla \u00e1h\u00e6ttu fyrir \u00feig. Me\u00f0 \u00f6ryggisbroti \u00ed framangreindum skilningi er \u00e1tt vi\u00f0 brot \u00e1 \u00f6ryggi sem lei\u00f0ir til \u00f3viljandi e\u00f0a \u00f3l\u00f6gm\u00e6trar ey\u00f0ingar pers\u00f3nuuppl\u00fdsinga e\u00f0a a\u00f0 \u00fe\u00e6r glatist, breytist, ver\u00f0i birtar e\u00f0a a\u00f0gangur veittur a\u00f0 \u00feeim \u00ed leyfisleysi.<br>Athygli \u00fe\u00edn er \u00fe\u00f3 vakin \u00e1 \u00fev\u00ed a\u00f0 \u00fe\u00fa ber\u00f0 \u00e1byrg\u00f0 \u00e1 pers\u00f3nuuppl\u00fdsingum, t.d. nafni, kennit\u00f6lu og mynd, sem \u00fe\u00fa k\u00fdst a\u00f0 deila e\u00f0a senda \u00e1 almennum vettvangi t.d. \u00ed gegnum, spjallr\u00e1s e\u00f0a stj\u00f3rnst\u00f6\u00f0.<br>Okkar vefs\u00ed\u00f0ur nota SSL skilr\u00edki sem \u00fe\u00fd\u00f0ir a\u00f0 gagnaflutningar til og fr\u00e1 s\u00ed\u00f0unum er dulk\u00f3\u00f0a\u00f0ur og \u00fev\u00ed \u00f6ruggari. SSL skilr\u00edki varna \u00fev\u00ed a\u00f0 \u00feri\u00f0ji a\u00f0ili komist yfir g\u00f6gn sem eru send \u00ed gegn um vefinn, til d\u00e6mis \u00feegar sendar eru fyrirspurnir og \u00fej\u00f3nustupantanir af vefsv\u00e6\u00f0inu.<br>Vi\u00f0 viljum einnig taka fram a\u00f0 gagnaflutningur \u00e1 internetinu er aldrei fullkomlega \u00f6ruggur. \u00de\u00e9r er \u00fev\u00ed bent \u00e1 a\u00f0 l\u00e1ta okkur umsvifalaust vita ef \u00fe\u00fa telur h\u00e6ttu \u00e1 a\u00f0 tilteknar uppl\u00fdsingar sem \u00fe\u00fa hefur gefi\u00f0 okkur s\u00e9u \u00ed h\u00e6ttu.<br><br><\/p>\n<p><b>VIII.            VAR\u00d0VEISLA<\/b><br>Fyrirt\u00e6ki\u00f0 reynir eftir fremsta megni a\u00f0 halda pers\u00f3nuuppl\u00fdsingum um \u00feig n\u00e1kv\u00e6mum og \u00e1rei\u00f0anlegum og uppf\u00e6rir \u00fe\u00e6r eftir \u00fe\u00f6rfum.  Vi\u00f0 geymum pers\u00f3nuppl\u00fdsingarnar \u00fe\u00ednar \u00ed \u00feann t\u00edma sem er nau\u00f0synlegur til a\u00f0 uppfylla markmi\u00f0 \u00feessarar stefnu um pers\u00f3nuvernd nema lengri geymslut\u00edma s\u00e9 krafist e\u00f0a hann leyf\u00f0ur skv. l\u00f6gum. Ef m\u00f6guleiki er \u00e1 a\u00f0 pers\u00f3nuuppl\u00fdsinganna kunni a\u00f0 vera \u00fe\u00f6rf s\u00ed\u00f0ar til a\u00f0 uppfylla lagaskyldur, t.d. gagnvart skattyfirv\u00f6ldum, e\u00f0a til a\u00f0 h\u00f6f\u00f0a e\u00f0a verjast r\u00e9ttarkr\u00f6fu, munum vi\u00f0 taka afrit af hluta\u00f0eigandi pers\u00f3nuuppl\u00fdsingum og var\u00f0veita \u00fe\u00e6r \u00e1 \u00f6ruggu formi eins lengi og nau\u00f0syn ber til.<br><br><\/p>\n<p><b>&nbsp;IX.            R\u00c9TTINDI \u00de\u00cdN<\/b><br>\u00de\u00fa \u00e1tt r\u00e9tt \u00e1 og getur \u00f3ska\u00f0 eftir a\u00f0 fyrirt\u00e6ki\u00f0 veiti \u00fe\u00e9r uppl\u00fdsingar um \u00fe\u00e6r pers\u00f3nuuppl\u00fdsingar sem fyrirt\u00e6ki\u00f0 b\u00fdr yfir sem og um vinnslu og me\u00f0fer\u00f0 uppl\u00fdsinga um \u00feig.<br>\u00de\u00fa \u00e1tt r\u00e9tt \u00e1 \u00fev\u00ed \u00ed vissum tilvikum a\u00f0 pers\u00f3nuuppl\u00fdsingar um \u00feig s\u00e9u lei\u00f0r\u00e9ttar e\u00f0a \u00feeim eytt, t.d. ef uppl\u00fdsingarnar eru ekki lengur nau\u00f0synlegar \u00ed \u00fe\u00e1gu \u00feess tilgangs sem \u00feeirra var upphaflega afla\u00f0 \u00ed.<br>Bei\u00f0ni \u00fe\u00edn ver\u00f0ur tekin til greina og \u00fe\u00e9r afhentar uppl\u00fdsingarnar (\u00feegar \u00fea\u00f0 \u00e1 vi\u00f0) innan h\u00e6filegs t\u00edma, \u00fe\u00f3 me\u00f0 \u00feeim takm\u00f6rkunum sem r\u00e9ttindi og frelsi annarra gera, \u00fe.m.t. vi\u00f0skiptaleyndarm\u00e1l og hugverkar\u00e9ttindi. \u00de\u00e9r ver\u00f0ur tilkynnt og gefin sk\u00fdring ef t\u00f6f ver\u00f0ur \u00e1 afgrei\u00f0slu e\u00f0a ef ekki er unnt a\u00f0 ver\u00f0i vi\u00f0 bei\u00f0ninni a\u00f0 fullu eigi s\u00ed\u00f0ar en m\u00e1nu\u00f0i fr\u00e1 m\u00f3tt\u00f6ku hennar. \u00de\u00fa getur kvarta\u00f0 til Pers\u00f3nuverndar ef vi\u00f0 neitum a\u00f0 afhenda \u00fe\u00e9r \u00e1kve\u00f0nar uppl\u00fdsingar.<br><br><\/p>\n<p><b>X.            PERS\u00d3NUVERND BARNA<\/b><br>Pers\u00f3nuuppl\u00fdsingum um b\u00f6rn yngri en 13 \u00e1ra er ekki safna\u00f0.<br><br><\/p>\n<p><b>BREYTINGAR<\/b><br>Pers\u00f3nuverndarstefnan er endursko\u00f0u\u00f0 reglulega og kann \u00fev\u00ed a\u00f0 taka breytingum. \u00de\u00e9r er \u00fev\u00ed r\u00e1\u00f0lagt a\u00f0 kynna \u00fe\u00e9r pers\u00f3nuverndarstefnuna reglulega en breytingar \u00e1 stefnunni \u00f6\u00f0last gildi vi\u00f0 birtingu \u00e1 heimas\u00ed\u00f0u fyrirt\u00e6kisins; www.taekniheimur.is.<br><br><\/p>\n<p><\/p>\n<p><b>VAFRAK\u00d6KUR<br><\/b>Vafrak\u00f6kur (e. cookies) eru sm\u00e1ar textaskr\u00e1r sem vefs\u00ed\u00f0ur koma fyrir \u00e1 t\u00f6lvu \u00feinni, s\u00edma e\u00f0a snjallt\u00e6ki \u00feegar \u00fe\u00fa heims\u00e6kir \u00fe\u00e6r. Vafrak\u00f6kur eru almennt nota\u00f0ar til a\u00f0 b\u00e6ta vi\u00f0m\u00f3t og notendaupplifun vefs\u00ed\u00f0na. Einnig til \u00feess a\u00f0 vefs\u00ed\u00f0ur muni mikilv\u00e6gar uppl\u00fdsingar fr\u00e1 fyrri heims\u00f3knum \u00fe\u00ednum. Vafrak\u00f6kur eru \u00f6ruggar, \u00fe\u00e6r innihalda ekki k\u00f3\u00f0a og geta ekki veri\u00f0 nota\u00f0ar til komast inn \u00ed t\u00f6lvuna \u00fe\u00edna.<br><br><\/p>\n<p><b>Af hverju notum vi\u00f0 vafrak\u00f6kur?<\/b><br>Vi\u00f0 notum vafrak\u00f6kur til m\u00e6linga \u00e1 heims\u00f3knum \u00e1 heimas\u00ed\u00f0u okkar. \u00dea\u00f0 \u00fe\u00fd\u00f0ir a\u00f0 m\u00f6gulega er skr\u00e1\u00f0ur t\u00edmi og dagsetning heims\u00f3kna \u00e1 vefinn, IP t\u00f6lur \u00feeirra sem heims\u00e6kja hann og fr\u00e1 hva\u00f0a vefs\u00ed\u00f0u heims\u00f3knir koma, tegund vafra og st\u00fdrikerfis og hva\u00f0a leitaror\u00f0 notendur nota til a\u00f0 komast \u00e1 vefinn sem og til a\u00f0 finna efni innan hans. Vafrak\u00f6kur eru nota\u00f0ar \u00ed margv\u00edslegum tilgangi eins og til d\u00e6mis a\u00f0 muna hva\u00f0 notandi hefur vali\u00f0 \u00ed b\u00f3kunarv\u00e9l \u00e1 me\u00f0an hann er tengdur vefsv\u00e6\u00f0inu, \u00fe\u00e6r kunna einnig a\u00f0 vera nota\u00f0ar \u00ed \u00f6ryggisskyni. Lotuk\u00f6kur ey\u00f0ast \u00feegar notandi fer af vefsv\u00e6\u00f0i og eru \u00fev\u00ed ekki vista\u00f0ar til lengri t\u00edma. Vi\u00f0varandi vafrak\u00f6kur vistast \u00e1 t\u00f6lvu notanda og muna val e\u00f0a a\u00f0ger\u00f0ir notanda \u00e1 vefsv\u00e6\u00f0i. Engar tilraunir eru ger\u00f0ar til a\u00f0 tengja heims\u00f3kn vi\u00f0 pers\u00f3nugreinanlegar uppl\u00fdsingar.<br><br><\/p>\n<p><b>HVERNIG ER H\u00c6GT A\u00d0 EY\u00d0A VAFRAK\u00d6KUM?<\/b><br>Allir vafrar bj\u00f3\u00f0a upp \u00e1 takm\u00f6rkun \u00e1 notkun \u00e1 vafrak\u00f6kum, eins er m\u00f6gulegt a\u00f0 sl\u00f6kkva \u00e1 \u00feeim \u00ed stillingum vafrans. Mismunandi er eftir v\u00f6frum hvernig \u00feetta er gert en lei\u00f0beiningar m\u00e1 finna \u00ed hj\u00e1lpar\u00advalm\u00f6guleika \u00ed helstu v\u00f6frum. Einnig er h\u00e6gt a\u00f0 ey\u00f0a \u00feeim vafrak\u00f6kum sem \u00feegar eru vista\u00f0ar. Skrefin vi\u00f0 a\u00f0 ey\u00f0a vafrak\u00f6kum eru mismunandi eftir v\u00f6frum en lei\u00f0beiningar um sl\u00edkt m\u00e1 finna \u00ed hj\u00e1lpar\u00advalm\u00f6guleika \u00ed helstu v\u00f6frum.  Uppl\u00fdsingar um hvernig stilla m\u00e1 vafra m\u00e1 finna \u00e1 vefs\u00ed\u00f0u um vafrak\u00f6kur: <a href=\"http:\/\/www.allaboutcookies.org\/manage-cookies\/\">allaboutcookies.org<\/a><\/p>\n<\/div>\n<\/div>\n<\/div>\t\t\t\t\t\t\t\t<\/div>\n\t\t\t\t\t<\/div>\n\t\t\t\t<\/div>\n\t\t<div class=\"elementor-element elementor-element-ff5b43c e-con-full elementor-hidden-desktop elementor-hidden-tablet elementor-hidden-mobile e-flex e-con e-parent\" data-id=\"ff5b43c\" data-element_type=\"container\">\n\t\t<div class=\"elementor-element elementor-element-76b3bf6 e-con-full e-flex e-con e-child\" data-id=\"76b3bf6\" data-element_type=\"container\">\n\t\t\t\t<div class=\"elementor-element elementor-element-b213760 elementor-widget elementor-widget-heading\" data-id=\"b213760\" data-element_type=\"widget\" data-widget_type=\"heading.default\">\n\t\t\t\t\t<h2 class=\"elementor-heading-title elementor-size-default\">Umsagnir vi\u00f0skiptavina<\/h2>\t\t\t\t<\/div>\n\t\t<div class=\"elementor-element elementor-element-d63d0e3 e-con-full e-flex e-con e-child\" data-id=\"d63d0e3\" data-element_type=\"container\">\n\t\t<div class=\"elementor-element elementor-element-932a07e e-con-full e-flex e-con e-child\" data-id=\"932a07e\" data-element_type=\"container\">\n\t\t\t\t<div class=\"elementor-element elementor-element-2c9c150 elementor-widget elementor-widget-testimonial\" data-id=\"2c9c150\" data-element_type=\"widget\" data-widget_type=\"testimonial.default\">\n\t\t\t\t\t\t\t<div class=\"elementor-testimonial-wrapper\">\n\t\t\t\t\t\t\t<div class=\"elementor-testimonial-content\">\u201eMe\u00f0m\u00e6li fr\u00e1 vi\u00f0skiptavini sem naut g\u00f3\u00f0s af v\u00f6ru \u00feinni e\u00f0a \u00fej\u00f3nustu. Me\u00f0m\u00e6li geta veri\u00f0 mj\u00f6g \u00e1hrifar\u00edk lei\u00f0 til a\u00f0 byggja upp tr\u00faver\u00f0ugleika og auka or\u00f0spor fyrirt\u00e6kisins.\u201c<\/div>\n\t\t\t\n\t\t\t\t\t\t<div class=\"elementor-testimonial-meta elementor-has-image elementor-testimonial-image-position-aside\">\n\t\t\t\t<div class=\"elementor-testimonial-meta-inner\">\n\t\t\t\t\t\t\t\t\t\t\t<div class=\"elementor-testimonial-image\">\n\t\t\t\t\t\t\t<img decoding=\"async\" src=\"https:\/\/taekniheimur.is\/wp-content\/uploads\/2025\/08\/63x63.jpg\" title=\"\" alt=\"\" loading=\"lazy\" \/>\t\t\t\t\t\t<\/div>\n\t\t\t\t\t\n\t\t\t\t\t\t\t\t\t\t<div class=\"elementor-testimonial-details\">\n\t\t\t\t\t\t\t\t\t\t\t\t\t\t<div class=\"elementor-testimonial-name\">Nafn vi\u00f0skiptavinar<\/div>\n\t\t\t\t\t\t\t\t\t\t\t\t\t\t\t\t\t\t\t<\/div>\n\t\t\t\t\t\t\t\t\t<\/div>\n\t\t\t<\/div>\n\t\t\t\t\t<\/div>\n\t\t\t\t\t\t<\/div>\n\t\t\t\t<\/div>\n\t\t<div class=\"elementor-element elementor-element-bd0f685 e-con-full e-flex e-con e-child\" data-id=\"bd0f685\" data-element_type=\"container\">\n\t\t\t\t<div class=\"elementor-element elementor-element-b1d9718 elementor-widget elementor-widget-testimonial\" data-id=\"b1d9718\" data-element_type=\"widget\" data-widget_type=\"testimonial.default\">\n\t\t\t\t\t\t\t<div class=\"elementor-testimonial-wrapper\">\n\t\t\t\t\t\t\t<div class=\"elementor-testimonial-content\">\u201eMe\u00f0m\u00e6li fr\u00e1 vi\u00f0skiptavini sem naut g\u00f3\u00f0s af v\u00f6ru \u00feinni e\u00f0a \u00fej\u00f3nustu. Me\u00f0m\u00e6li geta veri\u00f0 mj\u00f6g \u00e1hrifar\u00edk lei\u00f0 til a\u00f0 byggja upp tr\u00faver\u00f0ugleika og auka or\u00f0spor fyrirt\u00e6kisins.\u201c<\/div>\n\t\t\t\n\t\t\t\t\t\t<div class=\"elementor-testimonial-meta elementor-has-image elementor-testimonial-image-position-aside\">\n\t\t\t\t<div class=\"elementor-testimonial-meta-inner\">\n\t\t\t\t\t\t\t\t\t\t\t<div class=\"elementor-testimonial-image\">\n\t\t\t\t\t\t\t<img decoding=\"async\" src=\"https:\/\/taekniheimur.is\/wp-content\/uploads\/2025\/08\/63x63.jpg\" title=\"\" alt=\"\" loading=\"lazy\" \/>\t\t\t\t\t\t<\/div>\n\t\t\t\t\t\n\t\t\t\t\t\t\t\t\t\t<div class=\"elementor-testimonial-details\">\n\t\t\t\t\t\t\t\t\t\t\t\t\t\t<div class=\"elementor-testimonial-name\">Nafn vi\u00f0skiptavinar<\/div>\n\t\t\t\t\t\t\t\t\t\t\t\t\t\t\t\t\t\t\t<\/div>\n\t\t\t\t\t\t\t\t\t<\/div>\n\t\t\t<\/div>\n\t\t\t\t\t<\/div>\n\t\t\t\t\t\t<\/div>\n\t\t\t\t<\/div>\n\t\t<div class=\"elementor-element elementor-element-304fd3d e-con-full e-flex e-con e-child\" data-id=\"304fd3d\" data-element_type=\"container\">\n\t\t\t\t<div class=\"elementor-element elementor-element-4acd07e elementor-widget elementor-widget-testimonial\" data-id=\"4acd07e\" data-element_type=\"widget\" data-widget_type=\"testimonial.default\">\n\t\t\t\t\t\t\t<div class=\"elementor-testimonial-wrapper\">\n\t\t\t\t\t\t\t<div class=\"elementor-testimonial-content\">\u201eMe\u00f0m\u00e6li fr\u00e1 vi\u00f0skiptavini sem naut g\u00f3\u00f0s af v\u00f6ru \u00feinni e\u00f0a \u00fej\u00f3nustu. Me\u00f0m\u00e6li geta veri\u00f0 mj\u00f6g \u00e1hrifar\u00edk lei\u00f0 til a\u00f0 byggja upp tr\u00faver\u00f0ugleika og auka or\u00f0spor fyrirt\u00e6kisins.\u201c<\/div>\n\t\t\t\n\t\t\t\t\t\t<div class=\"elementor-testimonial-meta elementor-has-image elementor-testimonial-image-position-aside\">\n\t\t\t\t<div class=\"elementor-testimonial-meta-inner\">\n\t\t\t\t\t\t\t\t\t\t\t<div class=\"elementor-testimonial-image\">\n\t\t\t\t\t\t\t<img decoding=\"async\" src=\"https:\/\/taekniheimur.is\/wp-content\/uploads\/2025\/08\/63x63.jpg\" title=\"\" alt=\"\" loading=\"lazy\" \/>\t\t\t\t\t\t<\/div>\n\t\t\t\t\t\n\t\t\t\t\t\t\t\t\t\t<div class=\"elementor-testimonial-details\">\n\t\t\t\t\t\t\t\t\t\t\t\t\t\t<div class=\"elementor-testimonial-name\">Nafn vi\u00f0skiptavinar<\/div>\n\t\t\t\t\t\t\t\t\t\t\t\t\t\t\t\t\t\t\t<\/div>\n\t\t\t\t\t\t\t\t\t<\/div>\n\t\t\t<\/div>\n\t\t\t\t\t<\/div>\n\t\t\t\t\t\t<\/div>\n\t\t\t\t<\/div>\n\t\t\t\t<\/div>\n\t\t\t\t<\/div>\n\t\t\t\t<\/div>\n\t\t\t\t<\/div>","protected":false},"excerpt":{"rendered":"<p>Privacy Policy Contact Info 8832031 info@taekniheimur.is PRIVACY POLICY T\u00e6kniheimur.is I.&nbsp; &nbsp; &nbsp; &nbsp; &nbsp; &nbsp; GENERALYour privacy matters. This policy applies to personal information whether it is collected and stored electronically, on paper or in other comparable ways. The policy applies to the registration, storage and processing of personal information that falls under the policy. [&hellip;]<\/p>","protected":false},"author":2,"featured_media":0,"parent":0,"menu_order":0,"comment_status":"closed","ping_status":"closed","template":"elementor_header_footer","meta":{"footnotes":""},"class_list":["post-1963","page","type-page","status-publish","hentry"],"_links":{"self":[{"href":"https:\/\/taekniheimur.is\/is\/wp-json\/wp\/v2\/pages\/1963","targetHints":{"allow":["GET"]}}],"collection":[{"href":"https:\/\/taekniheimur.is\/is\/wp-json\/wp\/v2\/pages"}],"about":[{"href":"https:\/\/taekniheimur.is\/is\/wp-json\/wp\/v2\/types\/page"}],"author":[{"embeddable":true,"href":"https:\/\/taekniheimur.is\/is\/wp-json\/wp\/v2\/users\/2"}],"replies":[{"embeddable":true,"href":"https:\/\/taekniheimur.is\/is\/wp-json\/wp\/v2\/comments?post=1963"}],"version-history":[{"count":3,"href":"https:\/\/taekniheimur.is\/is\/wp-json\/wp\/v2\/pages\/1963\/revisions"}],"predecessor-version":[{"id":2047,"href":"https:\/\/taekniheimur.is\/is\/wp-json\/wp\/v2\/pages\/1963\/revisions\/2047"}],"wp:attachment":[{"href":"https:\/\/taekniheimur.is\/is\/wp-json\/wp\/v2\/media?parent=1963"}],"curies":[{"name":"wp","href":"https:\/\/api.w.org\/{rel}","templated":true}]}}