{"id":77,"date":"2025-08-21T17:03:28","date_gmt":"2025-08-21T17:03:28","guid":{"rendered":"https:\/\/taekniheimur.is\/my-account\/"},"modified":"2025-10-05T16:31:49","modified_gmt":"2025-10-05T16:31:49","slug":"my-account","status":"publish","type":"page","link":"https:\/\/taekniheimur.is\/is\/my-account\/","title":{"rendered":"Reikningurinn minn"},"content":{"rendered":"<div data-elementor-type=\"wp-page\" data-elementor-id=\"77\" class=\"elementor elementor-77\" data-elementor-post-type=\"page\">\n\t\t\t\t<div class=\"elementor-element elementor-element-a73ece9 e-flex e-con-boxed e-con e-parent\" data-id=\"a73ece9\" data-element_type=\"container\">\n\t\t\t\t\t<div class=\"e-con-inner\">\n\t\t\t\t<div class=\"elementor-element elementor-element-3e4b83d elementor-widget elementor-widget-heading\" data-id=\"3e4b83d\" data-element_type=\"widget\" data-widget_type=\"heading.default\">\n\t\t\t\t\t<h2 class=\"elementor-heading-title elementor-size-default\">Reikningurinn minn<\/h2>\t\t\t\t<\/div>\n\t\t\t\t\t<\/div>\n\t\t\t\t<\/div>\n\t\t<div class=\"elementor-element elementor-element-5cae5f4d e-flex e-con-boxed e-con e-parent\" data-id=\"5cae5f4d\" data-element_type=\"container\">\n\t\t\t\t\t<div class=\"e-con-inner\">\n\t\t<div class=\"elementor-element elementor-element-1da5522 e-con-full e-flex e-con e-child\" data-id=\"1da5522\" data-element_type=\"container\">\n\t\t\t\t<div class=\"elementor-element elementor-element-bbc2f98 e-my-account-tabs-vertical elementor-widget elementor-widget-woocommerce-my-account\" data-id=\"bbc2f98\" data-element_type=\"widget\" data-settings=\"{&quot;customize_dashboard_check&quot;:&quot;yes&quot;}\" data-widget_type=\"woocommerce-my-account.default\">\n\t\t\t\t\t<div class=\"e-my-account-tab e-my-account-tab__\">\t\t\t<div class=\"woocommerce\"><\/div>\t\t<\/div>\n\t\t\t\t\t\t<\/div>\n\t\t\t\t<\/div>\n\t\t\t\t\t<\/div>\n\t\t\t\t<\/div>\n\t\t\t\t<\/div>","protected":false},"excerpt":{"rendered":"<p>M\u00e6labor\u00f0 reikningsins m\u00edns P\u00f6ntunarheimilisf\u00f6ng Uppl\u00fdsingar um reikning \u00datskr\u00e1ning H\u00e6 Haukur (ekki Haukur? \u00datskr\u00e1ning) Fr\u00e1 m\u00e6labor\u00f0i reikningsins getur\u00f0u sko\u00f0a\u00f0 n\u00fdlegar pantanir, stj\u00f3rna\u00f0 sendingar- og reikningsf\u00f6ngum og breytt lykilor\u00f0inu \u00fe\u00ednu og uppl\u00fdsingum um reikninginn.<\/p>","protected":false},"author":2,"featured_media":0,"parent":0,"menu_order":0,"comment_status":"closed","ping_status":"closed","template":"","meta":{"footnotes":""},"class_list":["post-77","page","type-page","status-publish","hentry"],"_links":{"self":[{"href":"https:\/\/taekniheimur.is\/is\/wp-json\/wp\/v2\/pages\/77","targetHints":{"allow":["GET"]}}],"collection":[{"href":"https:\/\/taekniheimur.is\/is\/wp-json\/wp\/v2\/pages"}],"about":[{"href":"https:\/\/taekniheimur.is\/is\/wp-json\/wp\/v2\/types\/page"}],"author":[{"embeddable":true,"href":"https:\/\/taekniheimur.is\/is\/wp-json\/wp\/v2\/users\/2"}],"replies":[{"embeddable":true,"href":"https:\/\/taekniheimur.is\/is\/wp-json\/wp\/v2\/comments?post=77"}],"version-history":[{"count":0,"href":"https:\/\/taekniheimur.is\/is\/wp-json\/wp\/v2\/pages\/77\/revisions"}],"wp:attachment":[{"href":"https:\/\/taekniheimur.is\/is\/wp-json\/wp\/v2\/media?parent=77"}],"curies":[{"name":"wp","href":"https:\/\/api.w.org\/{rel}","templated":true}]}}