{"id":1227,"date":"2025-09-13T13:17:24","date_gmt":"2025-09-13T13:17:24","guid":{"rendered":"https:\/\/taekniheimur.is\/?post_type=product&#038;p=1227"},"modified":"2025-11-06T22:23:20","modified_gmt":"2025-11-06T22:23:20","slug":"nintendo-switch-repair","status":"publish","type":"product","link":"https:\/\/taekniheimur.is\/is\/vara\/nintendo-switch-repair\/","title":{"rendered":"Nintendo Switch St\u00fdripinna \u00fatskipti"},"content":{"rendered":"<p>&nbsp;<\/p>\n<p><strong>Eru st\u00fdripinnarnir farnir a\u00f0 \"drifta\" e\u00f0a gera mist\u00f6k?<\/strong><\/p>\n<p><strong>Engar \u00e1hyggjur - vi\u00f0 h\u00f6fum hina fullkomnu lausn!<\/strong><br \/>\nHvort sem Nintendo Switch-st\u00fdripinninnanir \u00fe\u00ednir eru farnir a\u00f0 drifta (rek-vandam\u00e1l), h\u00e6ttir a\u00f0 svara skipunum e\u00f0a or\u00f0nir slitnir, \u00fe\u00e1 bj\u00f3\u00f0um vi\u00f0 upp \u00e1 \u00fatskipti \u00e1 st\u00fdripinnum til a\u00f0 endurheimta upprunalega virkni \u00feeirra.<\/p>\n<p><strong>Fagleg vi\u00f0ger\u00f0 og \u00fatskipti<\/strong><\/p>\n<ul>\n<li>Vi\u00f0 skiptum um bila\u00f0a st\u00fdripinna \u00ed Nintendo Switch t\u00f6lvunni \u00feinni me\u00f0 n\u00fdjum st\u00fdripinnum sem tryggja g\u00f3\u00f0a virkni og endingu.<\/li>\n<li>Vi\u00f0 notum eing\u00f6ngu h\u00e1g\u00e6\u00f0a varahluti og \u00e1byrgjumst fullkomna virkni, svo \u00fe\u00fa getir byrja\u00f0 a\u00f0 spila aftur \u00e1n vandr\u00e6\u00f0a.<\/li>\n<\/ul>\n<p>&nbsp;<\/p>\n<p><strong>Veldu st\u00fdripinnana \u00fe\u00edna<\/strong><\/p>\n<p>Vi\u00f0 bj\u00f3\u00f0um upp \u00e1 tv\u00e6r ger\u00f0ir af st\u00fdripinnum sem henta \u00fe\u00ednum \u00fe\u00f6rfum og \u00f3skum:<\/p>\n<p><em><strong>OEM st\u00fdripinnar (upprunaleg ger\u00f0)<\/strong><\/em><\/p>\n<ul>\n<li>F\u00e1anlegir \u00ed \u00fdmsum litum til a\u00f0 passa vi\u00f0 \u00feinn st\u00edl.<\/li>\n<li>Sama \u00fatlit og \u00e1fer\u00f0 og upprunalegu st\u00fdripinnarnir \u00far verksmi\u00f0junni.<\/li>\n<li>Hagkv\u00e6m lei\u00f0 til a\u00f0 endurheimta upprunalega virkni Nintendo Switch t\u00f6lvunnar.<\/li>\n<\/ul>\n<p>&nbsp;<\/p>\n<p><em><strong>Hall-Effect st\u00fdripinnar (\u00darvals uppf\u00e6rsla)<\/strong><\/em><\/p>\n<ul>\n<li>St\u00fdripinnar sm\u00ed\u00f0a\u00f0ir me\u00f0 h\u00e1\u00fer\u00f3u\u00f0um segulskynjurum, sem \u00fatr\u00fdmir rek-vandam\u00e1lum (drifting).<\/li>\n<li>Endingarbetri en venjulegir OEM st\u00fdripinnar.<\/li>\n<li>Hanna\u00f0ir fyrir m\u00fdkri, n\u00e1kv\u00e6mari stj\u00f3rn og miklu lengri l\u00edft\u00edma.<\/li>\n<\/ul>\n<p>&nbsp;<\/p>\n<p><strong>Af hverju a\u00f0 uppf\u00e6ra?<\/strong><\/p>\n<p>Ef \u00fe\u00fa ert a\u00f0 leita a\u00f0 \u00e1rei\u00f0anlegri og drift free upplifun, \u00fe\u00e1 eru Hall-effect st\u00fdripinnar besti kosturinn.<br \/>\nEn ef \u00fe\u00fa vilt hagkv\u00e6mri lausn sem endurheimtir upprunalega virkni st\u00fdripinnanna, \u00fe\u00e1 eru OEM st\u00fdripinnar okkar fr\u00e1b\u00e6r kostur.<\/p>\n<p><strong>Hvort heldur sem er, \u00fe\u00e1 f\u00e6r\u00f0u h\u00e1g\u00e6\u00f0a varahlut sem tryggir \u00e1n\u00e6gjalega spilamennsku \u00e1n truflanna.<\/strong><\/p>","protected":false},"excerpt":{"rendered":"<p>\ud83c\udfae <strong data-start=\"138\" data-end=\"183\">Laga\u00f0u drifting vandam\u00e1l Switch t\u00f6lvunnar \u00feinnar \u00ed dag!<\/strong><br data-start=\"183\" data-end=\"186\" \/>Veldu \u00e1 milli litr\u00edkra OEM-st\u00fdripinna e\u00f0a \u00farvals Hall-effect st\u00fdripinna \u2014 hvorutveggja \u00fatskipt af fagf\u00f3lki fyrir n\u00e1kv\u00e6ma og trufluna fr\u00eda spilamennsku.<\/p>","protected":false},"featured_media":1251,"comment_status":"open","ping_status":"closed","template":"","meta":[],"product_brand":[],"product_cat":[41],"product_tag":[49],"class_list":{"0":"post-1227","1":"product","2":"type-product","3":"status-publish","4":"has-post-thumbnail","6":"product_cat-switch-repair","7":"product_tag-switchrepair","9":"first","10":"instock","11":"shipping-taxable","12":"purchasable","13":"product-type-variable"},"exclude_global_add_ons":[],"addons":[],"_links":{"self":[{"href":"https:\/\/taekniheimur.is\/is\/wp-json\/wp\/v2\/product\/1227","targetHints":{"allow":["GET"]}}],"collection":[{"href":"https:\/\/taekniheimur.is\/is\/wp-json\/wp\/v2\/product"}],"about":[{"href":"https:\/\/taekniheimur.is\/is\/wp-json\/wp\/v2\/types\/product"}],"replies":[{"embeddable":true,"href":"https:\/\/taekniheimur.is\/is\/wp-json\/wp\/v2\/comments?post=1227"}],"version-history":[{"count":3,"href":"https:\/\/taekniheimur.is\/is\/wp-json\/wp\/v2\/product\/1227\/revisions"}],"predecessor-version":[{"id":2147,"href":"https:\/\/taekniheimur.is\/is\/wp-json\/wp\/v2\/product\/1227\/revisions\/2147"}],"wp:featuredmedia":[{"embeddable":true,"href":"https:\/\/taekniheimur.is\/is\/wp-json\/wp\/v2\/media\/1251"}],"wp:attachment":[{"href":"https:\/\/taekniheimur.is\/is\/wp-json\/wp\/v2\/media?parent=1227"}],"wp:term":[{"taxonomy":"product_brand","embeddable":true,"href":"https:\/\/taekniheimur.is\/is\/wp-json\/wp\/v2\/product_brand?post=1227"},{"taxonomy":"product_cat","embeddable":true,"href":"https:\/\/taekniheimur.is\/is\/wp-json\/wp\/v2\/product_cat?post=1227"},{"taxonomy":"product_tag","embeddable":true,"href":"https:\/\/taekniheimur.is\/is\/wp-json\/wp\/v2\/product_tag?post=1227"}],"curies":[{"name":"wp","href":"https:\/\/api.w.org\/{rel}","templated":true}]}}