{"id":1262,"date":"2025-09-13T15:07:25","date_gmt":"2025-09-13T15:07:25","guid":{"rendered":"https:\/\/taekniheimur.is\/?post_type=product&#038;p=1262"},"modified":"2025-11-02T00:05:26","modified_gmt":"2025-11-02T00:05:26","slug":"nintendo-switch-charging-port-repair","status":"publish","type":"product","link":"https:\/\/taekniheimur.is\/is\/vara\/nintendo-switch-charging-port-repair\/","title":{"rendered":"Nintendo Switch Hle\u00f0slu Vi\u00f0ger\u00f0"},"content":{"rendered":"<p>&nbsp;<\/p>\n<p><strong>Er hle\u00f0slutengi\u00f0 \u00ed Nintendo Switch t\u00f6lvunni \u00feinni h\u00e6tt a\u00f0 virka e\u00f0a er t\u00f6lvan h\u00e6tt a\u00f0 hla\u00f0a?<\/strong><br \/>\nEngar \u00e1hyggjur - Vi\u00f0 getum skipt um hle\u00f0slutengi\u00f0 e\u00f0a gert vi\u00f0 hle\u00f0slur\u00e1s t\u00f6lvunnar \u00e1 faglegann h\u00e1tt!<br \/>\nEf Nintendo Switch t\u00f6lvan er h\u00e6tt a\u00f0 hla\u00f0a sig, hle\u00f0sla virkar eing\u00f6ngu ef hle\u00f0slusn\u00faru er haldi\u00f0 \u00ed \u00e1kve\u00f0inni st\u00f6\u00f0u e\u00f0a a\u00f0 t\u00f6lvan tengist tengikv\u00ednni ekki r\u00e9tt, \u00fe\u00e1 er vandam\u00e1li\u00f0 anna\u00f0hvort hle\u00f0slur\u00e1s t\u00f6lvunnar e\u00f0a hle\u00f0slutengi t\u00f6lvunnar.<\/p>\n<p><strong>Fagleg vi\u00f0ger\u00f0 og \u00fatskipti<\/strong><\/p>\n<p>T\u00e6knimenn okkar geta gert vi\u00f0 hle\u00f0slueiginleika t\u00f6lvunnar hvort sem um er a\u00f0 r\u00e6\u00f0a bila\u00f0\/skemmt hle\u00f0slutengi me\u00f0 \u00fev\u00ed a\u00f0 l\u00f3\u00f0a \u00ed m\u00f3\u00f0urbor\u00f0 t\u00f6lvunnar n\u00fdtt OEM tengi e\u00f0a me\u00f0 \u00fev\u00ed a\u00f0 gera vi\u00f0 bilunina \u00ed hle\u00f0slur\u00e1s t\u00f6lvunnar.<br \/>\nSl\u00edk a\u00f0ger\u00f0 krefst n\u00e1kv\u00e6mnisverkf\u00e6ra og s\u00e9rfr\u00e6\u00f0i\u00feekkingar, hvort sem um r\u00e6\u00f0ir vi\u00f0ger\u00f0 \u00e1 hle\u00f0slur\u00e1s t\u00f6lvunnar e\u00f0a \u00fatskipti \u00e1 USB-C hle\u00f0slutengi t\u00f6lvunnar.<br \/>\nMe\u00f0 faglegri vi\u00f0ger\u00f0ar\u00fej\u00f3nustu okkar getur\u00f0u veri\u00f0 viss um a\u00f0 leikjat\u00f6lvan \u00fe\u00edn er \u00ed \u00f6ruggum h\u00f6ndum.<\/p>\n<p><strong>Af hverju a\u00f0 velja \u00fej\u00f3nustu okkar?<\/strong><\/p>\n<ul>\n<li>OEM Varahlutir \u2013 Vi\u00f0 notum eing\u00f6ngu hle\u00f0slutengi og \u00edhluti sem eru framleiddir s\u00e9rstaklega fyrir Switch t\u00f6lvurnar.<\/li>\n<li>S\u00e9rfr\u00e6\u00f0i\u00feekking og reynsla \u00ed l\u00f3\u00f0ningarvinnu - N\u00e1kv\u00e6mnisvi\u00f0ger\u00f0 eftir kr\u00f6fuh\u00f6r\u00f0ustu st\u00f6\u00f0lum fyrir endingarg\u00f3\u00f0ar lausnir.<\/li>\n<li>Endurheimtu fulla virkni t\u00f6lvunnar\u2013 Betra og sterkara HDMI tengi til a\u00f0 tryggja \u00fe\u00e9r hugarr\u00f3<\/li>\n<\/ul>\n<p><strong>Komdu Switch t\u00f6lvunni \u00feinni aftur til l\u00edfs me\u00f0 vi\u00f0ger\u00f0 \u00e1 hle\u00f0slur\u00e1s v\u00e9larinnar e\u00f0a me\u00f0 \u00edsetningu n\u00fds hle\u00f0slutengis, gert af fagm\u00f6nnum.<\/strong><\/p>","protected":false},"excerpt":{"rendered":"<p><strong>Er Nintendo Switch t\u00f6lvan \u00fe\u00edn h\u00e6tt a\u00f0 hla\u00f0a e\u00f0a gengur illa a\u00f0 tengja hana vi\u00f0 dockuna?<\/strong><\/p>\n<p>Vi\u00f0 skiptum um hle\u00f0slutengi\u00f0 me\u00f0 n\u00fdju OEM tengi e\u00f0a gerum vi\u00f0 hle\u00f0slur\u00e1s t\u00f6lvunnar \u00e1 faglegann h\u00e1tt sem tryggir langl\u00edfa vi\u00f0ger\u00f0 \u00e1n vandam\u00e1la!<\/p>","protected":false},"featured_media":1274,"comment_status":"open","ping_status":"closed","template":"","meta":[],"product_brand":[],"product_cat":[41],"product_tag":[51],"class_list":{"0":"post-1262","1":"product","2":"type-product","3":"status-publish","4":"has-post-thumbnail","6":"product_cat-switch-repair","7":"product_tag-switchport","9":"first","10":"instock","11":"shipping-taxable","12":"purchasable","13":"product-type-variable"},"exclude_global_add_ons":[],"addons":[],"_links":{"self":[{"href":"https:\/\/taekniheimur.is\/is\/wp-json\/wp\/v2\/product\/1262","targetHints":{"allow":["GET"]}}],"collection":[{"href":"https:\/\/taekniheimur.is\/is\/wp-json\/wp\/v2\/product"}],"about":[{"href":"https:\/\/taekniheimur.is\/is\/wp-json\/wp\/v2\/types\/product"}],"replies":[{"embeddable":true,"href":"https:\/\/taekniheimur.is\/is\/wp-json\/wp\/v2\/comments?post=1262"}],"version-history":[{"count":3,"href":"https:\/\/taekniheimur.is\/is\/wp-json\/wp\/v2\/product\/1262\/revisions"}],"predecessor-version":[{"id":2095,"href":"https:\/\/taekniheimur.is\/is\/wp-json\/wp\/v2\/product\/1262\/revisions\/2095"}],"wp:featuredmedia":[{"embeddable":true,"href":"https:\/\/taekniheimur.is\/is\/wp-json\/wp\/v2\/media\/1274"}],"wp:attachment":[{"href":"https:\/\/taekniheimur.is\/is\/wp-json\/wp\/v2\/media?parent=1262"}],"wp:term":[{"taxonomy":"product_brand","embeddable":true,"href":"https:\/\/taekniheimur.is\/is\/wp-json\/wp\/v2\/product_brand?post=1262"},{"taxonomy":"product_cat","embeddable":true,"href":"https:\/\/taekniheimur.is\/is\/wp-json\/wp\/v2\/product_cat?post=1262"},{"taxonomy":"product_tag","embeddable":true,"href":"https:\/\/taekniheimur.is\/is\/wp-json\/wp\/v2\/product_tag?post=1262"}],"curies":[{"name":"wp","href":"https:\/\/api.w.org\/{rel}","templated":true}]}}