{"id":2167,"date":"2026-01-14T12:44:41","date_gmt":"2026-01-14T12:44:41","guid":{"rendered":"https:\/\/taekniheimur.is\/?post_type=product&#038;p=2167"},"modified":"2026-03-06T02:41:53","modified_gmt":"2026-03-06T02:41:53","slug":"playstation-5-hdmi-connector-repair","status":"publish","type":"product","link":"https:\/\/taekniheimur.is\/is\/vara\/playstation-5-hdmi-connector-repair\/","title":{"rendered":"PS5 - Vi\u00f0ger\u00f0 \u00e1 HDMI tengi"},"content":{"rendered":"<p><strong>Er HDMI tengi\u00f0 \u00ed Playstation 5 t\u00f6lvunni \u00feinni broti\u00f0 e\u00f0a bila\u00f0?<\/strong><\/p>\n<p>Engar \u00e1hyggjur - vi\u00f0 getum skipt um HDMI tengi\u00f0 og gert vi\u00f0 \u00f6ll \u00f6nnur vandam\u00e1l tengd HDMI tengingu \u00e1 Playstation 5 t\u00f6lvunni \u00feinni<\/p>\n<p><strong>Fagleg vi\u00f0ger\u00f0 og \u00fatskipti<\/strong><\/p>\n<p>T\u00e6knimenn okkar skipta \u00fat HDMI tenginu \u00e1samt \u00fev\u00ed a\u00f0 styrkja tengi\u00f0 \u00fear sem \u00fea\u00f0 er l\u00f3\u00f0a\u00f0 fast vi\u00f0 m\u00f3\u00f0urbor\u00f0i\u00f0 til a\u00f0 koma \u00ed veg fyrir a\u00f0 \u00fea\u00f0 brotni aftur.<br \/>\nSl\u00edk a\u00f0ger\u00f0 krefst n\u00e1kv\u00e6mnisverkf\u00e6ra og s\u00e9rfr\u00e6\u00f0i\u00feekkingar, til a\u00f0 tryggja a\u00f0 n\u00fdja HDMI tengi\u00f0 s\u00e9 \u00edsett \u00e1 r\u00e9ttann h\u00e1tt og virki eins og upprunalega HDMI tengi\u00f0.<br \/>\nMe\u00f0 faglegri vi\u00f0ger\u00f0ar\u00fej\u00f3nustu okkar getur\u00f0u veri\u00f0 viss um a\u00f0 leikjat\u00f6lvan \u00fe\u00edn er \u00ed \u00f6ruggum h\u00f6ndum.<\/p>\n<p><strong>Af hverju a\u00f0 velja \u00fej\u00f3nustu okkar?<\/strong><\/p>\n<ul>\n<li>OEM h\u00e1g\u00e6\u00f0a \u00edhlutir - Vi\u00f0 notumst eing\u00f6ngu vi\u00f0 OEM HDMI tengi ger\u00f0 s\u00e9rstaklega fyrir PS5<\/li>\n<li>S\u00e9rfr\u00e6\u00f0i\u00feekking og reynsla \u00ed l\u00f3\u00f0ningarvinnu - N\u00e1kv\u00e6mnisvi\u00f0ger\u00f0 eftir kr\u00f6fuh\u00f6r\u00f0ustu st\u00f6\u00f0lum fyrir endingarg\u00f3\u00f0ar lausnir.<\/li>\n<li>Endurheimtu fulla virkni t\u00f6lvunnar\u2013 Betra og sterkara HDMI tengi til a\u00f0 tryggja \u00fe\u00e9r hugarr\u00f3<\/li>\n<\/ul>\n<p><strong>Komdu PS5 t\u00f6lvunni \u00feinni aftur til l\u00edfs me\u00f0 vi\u00f0ger\u00f0 \u00e1 HDMI tengi t\u00f6lvunnar<\/strong><\/p>","protected":false},"excerpt":{"rendered":"<p><strong>Er HDMI tengi\u00f0 \u00e1 PS5 t\u00f6lvunni \u00feinni bila\u00f0 e\u00f0a broti\u00f0?<\/strong><\/p>\n<p>Vi\u00f0 gerum vi\u00f0 e\u00f0a skiptum \u00fat HDMI tenginu \u00fe\u00ednu \u00e1 faglegann h\u00e1tt fyrir n\u00fdtt OEM tengi. Vi\u00f0 b\u00e6tum einnig styrkleika tengis til a\u00f0 minnka l\u00edkur \u00e1 endurteknum vandam\u00e1lum<\/p>","protected":false},"featured_media":2189,"comment_status":"open","ping_status":"closed","template":"","meta":[],"product_brand":[],"product_cat":[56,39,40],"product_tag":[58],"class_list":{"0":"post-2167","1":"product","2":"type-product","3":"status-publish","4":"has-post-thumbnail","6":"product_cat-playstation-5","7":"product_cat-consoles","8":"product_cat-console-repair","9":"product_tag-ps5hdmi","11":"first","12":"instock","13":"shipping-taxable","14":"purchasable","15":"product-type-simple"},"exclude_global_add_ons":[],"addons":[],"_links":{"self":[{"href":"https:\/\/taekniheimur.is\/is\/wp-json\/wp\/v2\/product\/2167","targetHints":{"allow":["GET"]}}],"collection":[{"href":"https:\/\/taekniheimur.is\/is\/wp-json\/wp\/v2\/product"}],"about":[{"href":"https:\/\/taekniheimur.is\/is\/wp-json\/wp\/v2\/types\/product"}],"replies":[{"embeddable":true,"href":"https:\/\/taekniheimur.is\/is\/wp-json\/wp\/v2\/comments?post=2167"}],"version-history":[{"count":4,"href":"https:\/\/taekniheimur.is\/is\/wp-json\/wp\/v2\/product\/2167\/revisions"}],"predecessor-version":[{"id":2188,"href":"https:\/\/taekniheimur.is\/is\/wp-json\/wp\/v2\/product\/2167\/revisions\/2188"}],"wp:featuredmedia":[{"embeddable":true,"href":"https:\/\/taekniheimur.is\/is\/wp-json\/wp\/v2\/media\/2189"}],"wp:attachment":[{"href":"https:\/\/taekniheimur.is\/is\/wp-json\/wp\/v2\/media?parent=2167"}],"wp:term":[{"taxonomy":"product_brand","embeddable":true,"href":"https:\/\/taekniheimur.is\/is\/wp-json\/wp\/v2\/product_brand?post=2167"},{"taxonomy":"product_cat","embeddable":true,"href":"https:\/\/taekniheimur.is\/is\/wp-json\/wp\/v2\/product_cat?post=2167"},{"taxonomy":"product_tag","embeddable":true,"href":"https:\/\/taekniheimur.is\/is\/wp-json\/wp\/v2\/product_tag?post=2167"}],"curies":[{"name":"wp","href":"https:\/\/api.w.org\/{rel}","templated":true}]}}