{"id":2193,"date":"2026-02-21T00:16:05","date_gmt":"2026-02-21T00:16:05","guid":{"rendered":"https:\/\/taekniheimur.is\/?post_type=product&#038;p=2193"},"modified":"2026-03-06T02:19:28","modified_gmt":"2026-03-06T02:19:28","slug":"ps5-controller-hall-effect-joystick-replacement","status":"publish","type":"product","link":"https:\/\/taekniheimur.is\/is\/vara\/ps5-controller-hall-effect-joystick-replacement\/","title":{"rendered":"PS5 St\u00fdripinna \u00fatskipti fyrir Hall-Effect"},"content":{"rendered":"<p>&nbsp;<\/p>\n<p><strong>Eru st\u00fdripinnarnir \u00e1 PS5 fjarst\u00fdringunni \u00feinni farnir a\u00f0 reka e\u00f0a bila?<\/strong><\/p>\n<p><strong>Engar \u00e1hyggjur - vi\u00f0 h\u00f6fum hina fullkomnu lausn!<\/strong><br \/>\nHvort sem st\u00fdripinnarnir \u00fe\u00ednir eru farnir a\u00f0 reka (drifta), h\u00e6ttir a\u00f0 svara input, \u00fe\u00f6rf a\u00f0 s\u00edst\u00e6kkandi deadzone e\u00f0a haldnir \u00f6\u00f0rum vandam\u00e1lum, \u00fe\u00e1 bj\u00f3\u00f0um vi\u00f0 upp\u00e1 uppf\u00e6rslu \u00ed mun n\u00e1kv\u00e6mari og rek-fr\u00eda Hall-Effect st\u00fdripinna \u00feannig a\u00f0 st\u00fdripinnarnir ver\u00f0a betri en n\u00fdjir!<\/p>\n<p><strong>Fagleg vi\u00f0ger\u00f0 og \u00fatskipti<\/strong><\/p>\n<ul>\n<li>Vi\u00f0 skiptum um st\u00fdripinnana \u00ed PS5 fjars\u00fdringunni \u00feinni fyrir vanda\u00f0a Hall effect st\u00fdripinna sem tryggir fullkomna stj\u00f3rn \u00ed leikjum og langa endingu.<\/li>\n<li>Vi\u00f0 notum eing\u00f6ngu h\u00e1g\u00e6\u00f0a varahluti og \u00e1byrgjumst fullkomna virkni, svo \u00fe\u00fa getir byrja\u00f0 a\u00f0 spila aftur \u00e1n vandr\u00e6\u00f0a.<\/li>\n<\/ul>\n<p>&nbsp;<\/p>\n<p><em><strong>Hall effect st\u00fdripinnar - Premium uppf\u00e6rsla<\/strong><\/em><\/p>\n<ul>\n<li>St\u00fdripinnar sm\u00ed\u00f0a\u00f0ir me\u00f0 h\u00e1\u00fer\u00f3u\u00f0um segulskynjurum, sem \u00fatr\u00fdmir rek-vandam\u00e1lum (drifting).<\/li>\n<li>Endingarbetri en venjulegir OEM st\u00fdripinnar.<\/li>\n<li>Hanna\u00f0ir fyrir m\u00fdkri og n\u00e1kv\u00e6mari stj\u00f3rnun og lengri l\u00edft\u00edma.<\/li>\n<\/ul>\n<p>&nbsp;<\/p>\n<p><strong>Af hverju a\u00f0 uppf\u00e6ra?<\/strong><\/p>\n<p>Ef \u00fe\u00fa ert a\u00f0 leita a\u00f0 \u00e1rei\u00f0anlegri og drift free upplifun, \u00fe\u00e1 eru Hall-effect st\u00fdripinnar besti kosturinn.<\/p>","protected":false},"excerpt":{"rendered":"<p>\ud83c\udfae <strong data-start=\"138\" data-end=\"183\">Laga\u00f0u bilun e\u00f0a drift \u00e1 PS5 st\u00fdripinnanum \u00fe\u00ednum \u00ed dag<\/strong><br data-start=\"183\" data-end=\"186\" \/>Vanda\u00f0ir, Drift lausir og ofur n\u00e1kv\u00e6mir Hall effect st\u00fdripinnar sem notast vi\u00f0 segult\u00e6kni \u00ed sta\u00f0 POTS. \u00d3n\u00e6mir fyrir drift e\u00f0a versnandi deadzone.\n\u00cdsettir \u00e1 faglegann h\u00e1tt<\/p>","protected":false},"featured_media":2197,"comment_status":"open","ping_status":"closed","template":"","meta":[],"product_brand":[],"product_cat":[56],"product_tag":[57],"class_list":{"0":"post-2193","1":"product","2":"type-product","3":"status-publish","4":"has-post-thumbnail","6":"product_cat-playstation-5","7":"product_tag-ps5hall","9":"first","10":"instock","11":"shipping-taxable","12":"purchasable","13":"product-type-simple"},"exclude_global_add_ons":[],"addons":[],"_links":{"self":[{"href":"https:\/\/taekniheimur.is\/is\/wp-json\/wp\/v2\/product\/2193","targetHints":{"allow":["GET"]}}],"collection":[{"href":"https:\/\/taekniheimur.is\/is\/wp-json\/wp\/v2\/product"}],"about":[{"href":"https:\/\/taekniheimur.is\/is\/wp-json\/wp\/v2\/types\/product"}],"replies":[{"embeddable":true,"href":"https:\/\/taekniheimur.is\/is\/wp-json\/wp\/v2\/comments?post=2193"}],"version-history":[{"count":1,"href":"https:\/\/taekniheimur.is\/is\/wp-json\/wp\/v2\/product\/2193\/revisions"}],"predecessor-version":[{"id":2199,"href":"https:\/\/taekniheimur.is\/is\/wp-json\/wp\/v2\/product\/2193\/revisions\/2199"}],"wp:featuredmedia":[{"embeddable":true,"href":"https:\/\/taekniheimur.is\/is\/wp-json\/wp\/v2\/media\/2197"}],"wp:attachment":[{"href":"https:\/\/taekniheimur.is\/is\/wp-json\/wp\/v2\/media?parent=2193"}],"wp:term":[{"taxonomy":"product_brand","embeddable":true,"href":"https:\/\/taekniheimur.is\/is\/wp-json\/wp\/v2\/product_brand?post=2193"},{"taxonomy":"product_cat","embeddable":true,"href":"https:\/\/taekniheimur.is\/is\/wp-json\/wp\/v2\/product_cat?post=2193"},{"taxonomy":"product_tag","embeddable":true,"href":"https:\/\/taekniheimur.is\/is\/wp-json\/wp\/v2\/product_tag?post=2193"}],"curies":[{"name":"wp","href":"https:\/\/api.w.org\/{rel}","templated":true}]}}