{"id":874,"date":"2025-09-07T20:25:47","date_gmt":"2025-09-07T20:25:47","guid":{"rendered":"https:\/\/taekniheimur.is\/?post_type=product&#038;p=874"},"modified":"2025-11-04T20:00:58","modified_gmt":"2025-11-04T20:00:58","slug":"switch-modding-service","status":"publish","type":"product","link":"https:\/\/taekniheimur.is\/is\/vara\/switch-modding-service\/","title":{"rendered":"Nintendo Switch Moddun"},"content":{"rendered":"<p>&nbsp;<\/p>\n<p><strong>Me\u00f0 \u00fev\u00ed a\u00f0 modda Nintendo Switch leikjat\u00f6lvuna \u00fe\u00edna opnaru fyrir n\u00fdja m\u00f6guleika og skemmtun me\u00f0 t\u00f6lvunni!<\/strong><\/p>\n<p>\ud83d\udcbb<span style=\"text-decoration: underline;\"> <strong>S\u00e9rsni\u00f0i\u00f0 st\u00fdrikerfi fyrir Nintendo Switch sem er fullkomlega stillanlegt af notandanum<\/strong><\/span><br \/>\n<em>Vi\u00f0 setjum upp Atmosphere CFW og EmuNand sem tryggir a\u00f0 upprunalegt st\u00fdrikerfi v\u00e9larinnar helst 100% \u00f3snert.*<br \/>\n<\/em><br \/>\n\ud83c\udfae <span style=\"text-decoration: underline;\"><strong>Homebrew forrit<\/strong><\/span><br \/>\n<em>Settu upp og Spila\u00f0u  ni\u00f0urhala\u00f0a Switch leiki og Rom's (.xci &amp; .nsp skr\u00e1r)***,\nSpila\u00f0u afrit af \u00f6llum leikjunum beint af SD korti t\u00f6lvunnar \u00e1n \u00feess a\u00f0 \u00feurfa leikja-kasettuna, nota\u00f0u Emulators og spila\u00f0u leikina \u00far \u00f6llum g\u00f6mlu leikjat\u00f6lvunum, streymdu leikjum og af\u00fereyingarefni til og fr\u00e1 Switch t\u00f6lvunni, breyttu um \u00feemu, breyttu Save skr\u00e1m, nota\u00f0u Mods vi\u00f0 leikina \u00fe\u00edna og margt margt fleira.<br \/>\n<\/em><br \/>\n\ud83d\udce1\u00a0<span style=\"text-decoration: underline;\"><strong>Streymdu leikjum \u00far PS5 (Chiaki) e\u00f0a \u00far PC t\u00f6lvunni\/Steam (Moonlight) beint inn\u00e1 Switch t\u00f6lvuna<\/strong><\/span><br \/>\n<em>Loksins kominn m\u00f6guleiki \u00e1 a\u00f0 streyma skj\u00e1num fr\u00e1 <span style=\"text-decoration: underline;\">Switch Lite<\/span> yfir \u00e1 skj\u00e1\/sj\u00f3nvarp (SYS-DVR)<br \/>\n<\/em><br \/>\n\ud83d\udd79\ufe0f <span style=\"text-decoration: underline;\"><strong>M\u00f6guleiki \u00e1 a\u00f0 nota \u00fer\u00e1\u00f0lausa st\u00fdripinna<\/strong><\/span><br \/>\n<em>Nota\u00f0u st\u00fdripinna \u00e6tla\u00f0a fyrir PS4\/PS5, Xbox, Wii og fleira vi\u00f0 Switch t\u00f6lvuna<br \/>\n<\/em><br \/>\n\ud83d\udd00\u00a0<span style=\"text-decoration: underline;\"><strong>M\u00f6guleiki \u00e1 a\u00f0 r\u00e6sa anna\u00f0hvort \u00ed s\u00e9rsni\u00f0i\u00f0 st\u00fdrikerfi e\u00f0a \u00ed upprunalegt st\u00fdrikerfi v\u00e9larinnar<\/strong><\/span><br \/>\n<em>Nintendo\u2019s servers are blocked and on CFW the console&#8217;s serial number is hidden, keeping you totally safe online!<br \/>\n<\/em><br \/>\n\ud83c\udfa8 <span style=\"text-decoration: underline;\"><strong>Mun b\u00e6ttari myndg\u00e6\u00f0i og graf\u00edk \u00e1 Nintendo Switch t\u00fdpum sem ekki eru me\u00f0 OLED skj\u00e1 (FIZEAU)<\/strong><\/span><\/p>\n<p><strong>... og margt fleira!<\/strong><\/p>\n<p><em>*CFW \u2013 S\u00e9rsni\u00f0i\u00f0 st\u00fdrikerfi, <\/em><em>*OFW \u2013 upprunalegt st\u00fdrikerfi, <\/em><em>*EmuNand \u2013 Allar breytingar \u00e1 st\u00fdrikerfi t\u00f6lvunnar gerast \u00e1 SD-kortinu sj\u00e1lfu, og hafa ekki \u00e1hrif \u00e1 OFW e\u00f0a innra minni t\u00f6lvunnar. \n\u00dea\u00f0 tryggir a\u00f0 \u00f3gerningur er a\u00f0 \"bricka\" v\u00e9lina sama hversu miki\u00f0 er fikta\u00f0 :)<\/p>\n<p>***T\u00e6kniheimur.is sty\u00f0ur ekki hugb\u00fana\u00f0ar \"Piracy\"  og m\u00e6lir eindregi\u00f0 me\u00f0 \u00fev\u00ed a\u00f0 eing\u00f6ngu ni\u00f0urhala og spila afrit af leikjum sem \u00fe\u00fa hefur \u00e1\u00f0ur keypt l\u00f6glega.<\/em><\/p>","protected":false},"excerpt":{"rendered":"<p>Moddunar \u00fej\u00f3nustan er \u00ed bo\u00f0i fyrir Nintendo <span style=\"text-decoration: underline;\">Switch  ,<\/span>Nintendo <span style=\"text-decoration: underline;\">Switch OLED<\/span> og Nintendo <span style=\"text-decoration: underline;\">Switch Lite<\/span><\/p>\n<p>Nintendo <span style=\"text-decoration: underline;\">Switch 2<\/span><strong>\u00a0<\/strong>er <span style=\"text-decoration: underline;\">EKKI<\/span> moddanleg sem stendur<\/p>","protected":false},"featured_media":373,"comment_status":"open","ping_status":"closed","template":"","meta":[],"product_brand":[],"product_cat":[38],"product_tag":[50],"class_list":{"0":"post-874","1":"product","2":"type-product","3":"status-publish","4":"has-post-thumbnail","6":"product_cat-nintendo-switch-modding","7":"product_tag-switchmodding","9":"first","10":"instock","11":"shipping-taxable","12":"purchasable","13":"product-type-variable"},"exclude_global_add_ons":[],"addons":[],"_links":{"self":[{"href":"https:\/\/taekniheimur.is\/is\/wp-json\/wp\/v2\/product\/874","targetHints":{"allow":["GET"]}}],"collection":[{"href":"https:\/\/taekniheimur.is\/is\/wp-json\/wp\/v2\/product"}],"about":[{"href":"https:\/\/taekniheimur.is\/is\/wp-json\/wp\/v2\/types\/product"}],"replies":[{"embeddable":true,"href":"https:\/\/taekniheimur.is\/is\/wp-json\/wp\/v2\/comments?post=874"}],"version-history":[{"count":4,"href":"https:\/\/taekniheimur.is\/is\/wp-json\/wp\/v2\/product\/874\/revisions"}],"predecessor-version":[{"id":2124,"href":"https:\/\/taekniheimur.is\/is\/wp-json\/wp\/v2\/product\/874\/revisions\/2124"}],"wp:featuredmedia":[{"embeddable":true,"href":"https:\/\/taekniheimur.is\/is\/wp-json\/wp\/v2\/media\/373"}],"wp:attachment":[{"href":"https:\/\/taekniheimur.is\/is\/wp-json\/wp\/v2\/media?parent=874"}],"wp:term":[{"taxonomy":"product_brand","embeddable":true,"href":"https:\/\/taekniheimur.is\/is\/wp-json\/wp\/v2\/product_brand?post=874"},{"taxonomy":"product_cat","embeddable":true,"href":"https:\/\/taekniheimur.is\/is\/wp-json\/wp\/v2\/product_cat?post=874"},{"taxonomy":"product_tag","embeddable":true,"href":"https:\/\/taekniheimur.is\/is\/wp-json\/wp\/v2\/product_tag?post=874"}],"curies":[{"name":"wp","href":"https:\/\/api.w.org\/{rel}","templated":true}]}}