{"id":147,"date":"2025-08-21T17:16:07","date_gmt":"2025-08-21T17:16:07","guid":{"rendered":"https:\/\/taekniheimur.is\/contact\/"},"modified":"2025-09-26T17:56:27","modified_gmt":"2025-09-26T17:56:27","slug":"contact","status":"publish","type":"page","link":"https:\/\/taekniheimur.is\/pl\/contact\/","title":{"rendered":"kontakt"},"content":{"rendered":"<div data-elementor-type=\"wp-page\" data-elementor-id=\"147\" class=\"elementor elementor-147\" data-elementor-post-type=\"page\">\n\t\t\t\t<div data-dce-background-image-url=\"https:\/\/taekniheimur.is\/wp-content\/uploads\/2025\/08\/1920x540.jpg\" class=\"elementor-element elementor-element-07a8b19 e-flex e-con-boxed e-con e-parent\" data-id=\"07a8b19\" data-element_type=\"container\" data-settings=\"{&quot;background_background&quot;:&quot;classic&quot;}\">\n\t\t\t\t\t<div class=\"e-con-inner\">\n\t\t<div class=\"elementor-element elementor-element-7d23794 e-con-full e-flex e-con e-child\" data-id=\"7d23794\" data-element_type=\"container\">\n\t\t\t\t<div class=\"elementor-element elementor-element-b08091b elementor-widget elementor-widget-heading\" data-id=\"b08091b\" data-element_type=\"widget\" data-widget_type=\"heading.default\">\n\t\t\t\t\t<h1 class=\"elementor-heading-title elementor-size-default\">Skontaktuj si\u0119 z nami<\/h1>\t\t\t\t<\/div>\n\t\t\t\t<div class=\"elementor-element elementor-element-21b75ad elementor-widget-divider--view-line elementor-widget elementor-widget-divider\" data-id=\"21b75ad\" data-element_type=\"widget\" data-widget_type=\"divider.default\">\n\t\t\t\t\t\t\t<div class=\"elementor-divider\">\n\t\t\t<span class=\"elementor-divider-separator\">\n\t\t\t\t\t\t<\/span>\n\t\t<\/div>\n\t\t\t\t\t\t<\/div>\n\t\t\t\t<div class=\"elementor-element elementor-element-708e33c elementor-widget elementor-widget-heading\" data-id=\"708e33c\" data-element_type=\"widget\" data-widget_type=\"heading.default\">\n\t\t\t\t\t<h6 class=\"elementor-heading-title elementor-size-default\">Informacje kontaktowe<\/h6>\t\t\t\t<\/div>\n\t\t\t\t<div class=\"elementor-element elementor-element-1c54129 elementor-align-center elementor-icon-list--layout-traditional elementor-list-item-link-full_width elementor-widget elementor-widget-icon-list\" data-id=\"1c54129\" data-element_type=\"widget\" data-widget_type=\"icon-list.default\">\n\t\t\t\t\t\t\t<ul class=\"elementor-icon-list-items\">\n\t\t\t\t\t\t\t<li class=\"elementor-icon-list-item\">\n\t\t\t\t\t\t\t\t\t\t\t<a href=\"tel:+354%208832031\">\n\n\t\t\t\t\t\t\t\t\t\t\t<span class=\"elementor-icon-list-text\">8832031<\/span>\n\t\t\t\t\t\t\t\t\t\t\t<\/a>\n\t\t\t\t\t\t\t\t\t<\/li>\n\t\t\t\t\t\t\t\t<li class=\"elementor-icon-list-item\">\n\t\t\t\t\t\t\t\t\t\t\t<a href=\"mailto:thjonusta@taekniheimur.is\">\n\n\t\t\t\t\t\t\t\t\t\t\t<span class=\"elementor-icon-list-text\">thjonusta@taekniheimur.is<\/span>\n\t\t\t\t\t\t\t\t\t\t\t<\/a>\n\t\t\t\t\t\t\t\t\t<\/li>\n\t\t\t\t\t\t<\/ul>\n\t\t\t\t\t\t<\/div>\n\t\t\t\t<\/div>\n\t\t\t\t\t<\/div>\n\t\t\t\t<\/div>\n\t\t<div class=\"elementor-element elementor-element-3103fab e-flex e-con-boxed e-con e-parent\" data-id=\"3103fab\" data-element_type=\"container\">\n\t\t\t\t\t<div class=\"e-con-inner\">\n\t\t<div class=\"elementor-element elementor-element-58da5ee e-con-full e-flex e-con e-child\" data-id=\"58da5ee\" data-element_type=\"container\">\n\t\t\t\t<div class=\"elementor-element elementor-element-ed7abce elementor-widget elementor-widget-text-editor\" data-id=\"ed7abce\" data-element_type=\"widget\" data-widget_type=\"text-editor.default\">\n\t\t\t\t\t\t\t\t\t<p>Wype\u0142nij poni\u017cszy formularz, a skontaktujemy si\u0119 z Tob\u0105 najszybciej jak to mo\u017cliwe<\/p>\t\t\t\t\t\t\t\t<\/div>\n\t\t\t\t<div class=\"elementor-element elementor-element-3a9c8eb elementor-button-align-center elementor-widget elementor-widget-form\" data-id=\"3a9c8eb\" data-element_type=\"widget\" data-settings=\"{&quot;step_next_label&quot;:&quot;Next&quot;,&quot;step_previous_label&quot;:&quot;Previous&quot;,&quot;button_width&quot;:&quot;100&quot;,&quot;step_type&quot;:&quot;number_text&quot;,&quot;step_icon_shape&quot;:&quot;circle&quot;}\" data-widget_type=\"form.default\">\n\t\t\t\t\t\t\t<form class=\"elementor-form\" method=\"post\" name=\"Contact Form\" aria-label=\"Formularz kontaktowy\" action=\"\">\n\t\t\t<input type=\"hidden\" name=\"post_id\" value=\"147\"\/>\n\t\t\t<input type=\"hidden\" name=\"form_id\" value=\"3a9c8eb\"\/>\n\t\t\t<input type=\"hidden\" name=\"referer_title\" value=\"\" \/>\n\n\t\t\t\n\t\t\t<div class=\"elementor-form-fields-wrapper elementor-labels-\">\n\t\t\t\t\t\t\t\t<div class=\"elementor-field-type-text elementor-field-group elementor-column elementor-field-group-name elementor-col-50\">\n\t\t\t\t\t\t\t\t\t\t\t\t<label for=\"form-field-name\" class=\"elementor-field-label elementor-screen-only\">\n\t\t\t\t\t\t\t\tTwoje imi\u0119\t\t\t\t\t\t\t<\/label>\n\t\t\t\t\t\t\t\t\t\t\t\t\t\t<input size=\"1\" type=\"text\" name=\"form_fields[name]\" id=\"form-field-name\" class=\"elementor-field elementor-size-sm  elementor-field-textual\" placeholder=\"Twoje imi\u0119\">\n\t\t\t\t\t\t\t\t\t\t\t<\/div>\n\t\t\t\t\t\t\t\t<div class=\"elementor-field-type-email elementor-field-group elementor-column elementor-field-group-email elementor-col-50 elementor-field-required\">\n\t\t\t\t\t\t\t\t\t\t\t\t<label for=\"form-field-email\" class=\"elementor-field-label elementor-screen-only\">\n\t\t\t\t\t\t\t\tTw\u00f3j adres e-mail\t\t\t\t\t\t\t<\/label>\n\t\t\t\t\t\t\t\t\t\t\t\t\t\t<input size=\"1\" type=\"email\" name=\"form_fields[email]\" id=\"form-field-email\" class=\"elementor-field elementor-size-sm  elementor-field-textual\" placeholder=\"Tw\u00f3j adres e-mail\" required=\"required\">\n\t\t\t\t\t\t\t\t\t\t\t<\/div>\n\t\t\t\t\t\t\t\t<div class=\"elementor-field-type-tel elementor-field-group elementor-column elementor-field-group-field_6c180a9 elementor-col-50 elementor-field-required\">\n\t\t\t\t\t\t\t\t\t\t\t\t<label for=\"form-field-field_6c180a9\" class=\"elementor-field-label elementor-screen-only\">\n\t\t\t\t\t\t\t\tNumer telefonu\t\t\t\t\t\t\t<\/label>\n\t\t\t\t\t\t\t\t<input size=\"1\" type=\"tel\" name=\"form_fields[field_6c180a9]\" id=\"form-field-field_6c180a9\" class=\"elementor-field elementor-size-sm  elementor-field-textual\" placeholder=\"Numer telefonu\" required=\"required\" pattern=\"[0-9()#&amp;+*-=.]+\" title=\"Akceptowane s\u0105 wy\u0142\u0105cznie cyfry i znaki telefoniczne (#, -, *, itd.).\">\n\n\t\t\t\t\t\t<\/div>\n\t\t\t\t\t\t\t\t<div class=\"elementor-field-type-text elementor-field-group elementor-column elementor-field-group-field_b743cd7 elementor-col-50 elementor-field-required\">\n\t\t\t\t\t\t\t\t\t\t\t\t<label for=\"form-field-field_b743cd7\" class=\"elementor-field-label elementor-screen-only\">\n\t\t\t\t\t\t\t\tRodzaj us\u0142ugi\t\t\t\t\t\t\t<\/label>\n\t\t\t\t\t\t\t\t\t\t\t\t\t\t<input size=\"1\" type=\"text\" name=\"form_fields[field_b743cd7]\" id=\"form-field-field_b743cd7\" class=\"elementor-field elementor-size-sm  elementor-field-textual\" placeholder=\"Rodzaj us\u0142ugi\" required=\"required\">\n\t\t\t\t\t\t\t\t\t\t\t<\/div>\n\t\t\t\t\t\t\t\t<div class=\"elementor-field-type-textarea elementor-field-group elementor-column elementor-field-group-message elementor-col-100\">\n\t\t\t\t\t\t\t\t\t\t\t\t<label for=\"form-field-message\" class=\"elementor-field-label elementor-screen-only\">\n\t\t\t\t\t\t\t\tWiadomo\u015b\u0107\t\t\t\t\t\t\t<\/label>\n\t\t\t\t\t\t<textarea class=\"elementor-field-textual elementor-field  elementor-size-sm\" name=\"form_fields[message]\" id=\"form-field-message\" rows=\"4\" placeholder=\"Wiadomo\u015b\u0107\"><\/textarea>\t\t\t\t<\/div>\n\t\t\t\t\t\t\t\t<div class=\"elementor-field-group elementor-column elementor-field-type-submit elementor-col-100 e-form__buttons\">\n\t\t\t\t\t<button class=\"elementor-button elementor-size-sm\" type=\"submit\">\n\t\t\t\t\t\t<span class=\"elementor-button-content-wrapper\">\n\t\t\t\t\t\t\t\t\t\t\t\t\t\t\t\t\t\t\t\t\t\t<span class=\"elementor-button-text\">Wys\u0142a\u0107<\/span>\n\t\t\t\t\t\t\t\t\t\t\t\t\t<\/span>\n\t\t\t\t\t<\/button>\n\t\t\t\t<\/div>\n\t\t\t<\/div>\n\t\t<input type=\"hidden\" name=\"trp-form-language\" value=\"pl\"\/><\/form>\n\t\t\t\t\t\t<\/div>\n\t\t\t\t<\/div>\n\t\t\t\t\t<\/div>\n\t\t\t\t<\/div>\n\t\t<div class=\"elementor-element elementor-element-ff5b43c e-con-full elementor-hidden-desktop elementor-hidden-tablet elementor-hidden-mobile e-flex e-con e-parent\" data-id=\"ff5b43c\" data-element_type=\"container\">\n\t\t<div class=\"elementor-element elementor-element-76b3bf6 e-con-full e-flex e-con e-child\" data-id=\"76b3bf6\" data-element_type=\"container\">\n\t\t\t\t<div class=\"elementor-element elementor-element-b213760 elementor-widget elementor-widget-heading\" data-id=\"b213760\" data-element_type=\"widget\" data-widget_type=\"heading.default\">\n\t\t\t\t\t<h2 class=\"elementor-heading-title elementor-size-default\">Opinie klient\u00f3w<\/h2>\t\t\t\t<\/div>\n\t\t<div class=\"elementor-element elementor-element-d63d0e3 e-con-full e-flex e-con e-child\" data-id=\"d63d0e3\" data-element_type=\"container\">\n\t\t<div class=\"elementor-element elementor-element-932a07e e-con-full e-flex e-con e-child\" data-id=\"932a07e\" data-element_type=\"container\">\n\t\t\t\t<div class=\"elementor-element elementor-element-2c9c150 elementor-widget elementor-widget-testimonial\" data-id=\"2c9c150\" data-element_type=\"widget\" data-widget_type=\"testimonial.default\">\n\t\t\t\t\t\t\t<div class=\"elementor-testimonial-wrapper\">\n\t\t\t\t\t\t\t<div class=\"elementor-testimonial-content\">\u201eReferencja klienta, kt\u00f3ry skorzysta\u0142 z Twojego produktu lub us\u0142ugi. Referencje mog\u0105 by\u0107 bardzo skutecznym sposobem na budowanie wiarygodno\u015bci i popraw\u0119 reputacji Twojej firmy\u201d.<\/div>\n\t\t\t\n\t\t\t\t\t\t<div class=\"elementor-testimonial-meta elementor-has-image elementor-testimonial-image-position-aside\">\n\t\t\t\t<div class=\"elementor-testimonial-meta-inner\">\n\t\t\t\t\t\t\t\t\t\t\t<div class=\"elementor-testimonial-image\">\n\t\t\t\t\t\t\t<img decoding=\"async\" src=\"https:\/\/taekniheimur.is\/wp-content\/uploads\/2025\/08\/63x63.jpg\" title=\"\" alt=\"\" loading=\"lazy\" \/>\t\t\t\t\t\t<\/div>\n\t\t\t\t\t\n\t\t\t\t\t\t\t\t\t\t<div class=\"elementor-testimonial-details\">\n\t\t\t\t\t\t\t\t\t\t\t\t\t\t<div class=\"elementor-testimonial-name\">Nazwa klienta<\/div>\n\t\t\t\t\t\t\t\t\t\t\t\t\t\t\t\t\t\t\t<\/div>\n\t\t\t\t\t\t\t\t\t<\/div>\n\t\t\t<\/div>\n\t\t\t\t\t<\/div>\n\t\t\t\t\t\t<\/div>\n\t\t\t\t<\/div>\n\t\t<div class=\"elementor-element elementor-element-bd0f685 e-con-full e-flex e-con e-child\" data-id=\"bd0f685\" data-element_type=\"container\">\n\t\t\t\t<div class=\"elementor-element elementor-element-b1d9718 elementor-widget elementor-widget-testimonial\" data-id=\"b1d9718\" data-element_type=\"widget\" data-widget_type=\"testimonial.default\">\n\t\t\t\t\t\t\t<div class=\"elementor-testimonial-wrapper\">\n\t\t\t\t\t\t\t<div class=\"elementor-testimonial-content\">\u201eReferencja klienta, kt\u00f3ry skorzysta\u0142 z Twojego produktu lub us\u0142ugi. Referencje mog\u0105 by\u0107 bardzo skutecznym sposobem na budowanie wiarygodno\u015bci i popraw\u0119 reputacji Twojej firmy\u201d.<\/div>\n\t\t\t\n\t\t\t\t\t\t<div class=\"elementor-testimonial-meta elementor-has-image elementor-testimonial-image-position-aside\">\n\t\t\t\t<div class=\"elementor-testimonial-meta-inner\">\n\t\t\t\t\t\t\t\t\t\t\t<div class=\"elementor-testimonial-image\">\n\t\t\t\t\t\t\t<img decoding=\"async\" src=\"https:\/\/taekniheimur.is\/wp-content\/uploads\/2025\/08\/63x63.jpg\" title=\"\" alt=\"\" loading=\"lazy\" \/>\t\t\t\t\t\t<\/div>\n\t\t\t\t\t\n\t\t\t\t\t\t\t\t\t\t<div class=\"elementor-testimonial-details\">\n\t\t\t\t\t\t\t\t\t\t\t\t\t\t<div class=\"elementor-testimonial-name\">Nazwa klienta<\/div>\n\t\t\t\t\t\t\t\t\t\t\t\t\t\t\t\t\t\t\t<\/div>\n\t\t\t\t\t\t\t\t\t<\/div>\n\t\t\t<\/div>\n\t\t\t\t\t<\/div>\n\t\t\t\t\t\t<\/div>\n\t\t\t\t<\/div>\n\t\t<div class=\"elementor-element elementor-element-304fd3d e-con-full e-flex e-con e-child\" data-id=\"304fd3d\" data-element_type=\"container\">\n\t\t\t\t<div class=\"elementor-element elementor-element-4acd07e elementor-widget elementor-widget-testimonial\" data-id=\"4acd07e\" data-element_type=\"widget\" data-widget_type=\"testimonial.default\">\n\t\t\t\t\t\t\t<div class=\"elementor-testimonial-wrapper\">\n\t\t\t\t\t\t\t<div class=\"elementor-testimonial-content\">\u201eReferencja klienta, kt\u00f3ry skorzysta\u0142 z Twojego produktu lub us\u0142ugi. Referencje mog\u0105 by\u0107 bardzo skutecznym sposobem na budowanie wiarygodno\u015bci i popraw\u0119 reputacji Twojej firmy\u201d.<\/div>\n\t\t\t\n\t\t\t\t\t\t<div class=\"elementor-testimonial-meta elementor-has-image elementor-testimonial-image-position-aside\">\n\t\t\t\t<div class=\"elementor-testimonial-meta-inner\">\n\t\t\t\t\t\t\t\t\t\t\t<div class=\"elementor-testimonial-image\">\n\t\t\t\t\t\t\t<img decoding=\"async\" src=\"https:\/\/taekniheimur.is\/wp-content\/uploads\/2025\/08\/63x63.jpg\" title=\"\" alt=\"\" loading=\"lazy\" \/>\t\t\t\t\t\t<\/div>\n\t\t\t\t\t\n\t\t\t\t\t\t\t\t\t\t<div class=\"elementor-testimonial-details\">\n\t\t\t\t\t\t\t\t\t\t\t\t\t\t<div class=\"elementor-testimonial-name\">Nazwa klienta<\/div>\n\t\t\t\t\t\t\t\t\t\t\t\t\t\t\t\t\t\t\t<\/div>\n\t\t\t\t\t\t\t\t\t<\/div>\n\t\t\t<\/div>\n\t\t\t\t\t<\/div>\n\t\t\t\t\t\t<\/div>\n\t\t\t\t<\/div>\n\t\t\t\t<\/div>\n\t\t\t\t<\/div>\n\t\t\t\t<\/div>\n\t\t\t\t<\/div>","protected":false},"excerpt":{"rendered":"<p>Skontaktuj si\u0119 z nami Dane kontaktowe 8832031 thjonusta@taekniheimur.is Wype\u0142nij poni\u017cszy formularz, a skontaktujemy si\u0119 z Tob\u0105 najszybciej, jak to mo\u017cliwe. Referencje klient\u00f3w \u201eReferencja klienta, kt\u00f3ry skorzysta\u0142 z Twojego produktu lub us\u0142ugi. Referencje mog\u0105 by\u0107 bardzo skutecznym sposobem na budowanie wiarygodno\u015bci i popraw\u0119 reputacji Twojej firmy\u201d. Imi\u0119 i nazwisko klienta \u201eReferencja klienta [\u2026]<\/p>","protected":false},"author":2,"featured_media":0,"parent":0,"menu_order":0,"comment_status":"closed","ping_status":"closed","template":"elementor_header_footer","meta":{"footnotes":""},"class_list":["post-147","page","type-page","status-publish","hentry"],"_links":{"self":[{"href":"https:\/\/taekniheimur.is\/pl\/wp-json\/wp\/v2\/pages\/147","targetHints":{"allow":["GET"]}}],"collection":[{"href":"https:\/\/taekniheimur.is\/pl\/wp-json\/wp\/v2\/pages"}],"about":[{"href":"https:\/\/taekniheimur.is\/pl\/wp-json\/wp\/v2\/types\/page"}],"author":[{"embeddable":true,"href":"https:\/\/taekniheimur.is\/pl\/wp-json\/wp\/v2\/users\/2"}],"replies":[{"embeddable":true,"href":"https:\/\/taekniheimur.is\/pl\/wp-json\/wp\/v2\/comments?post=147"}],"version-history":[{"count":0,"href":"https:\/\/taekniheimur.is\/pl\/wp-json\/wp\/v2\/pages\/147\/revisions"}],"wp:attachment":[{"href":"https:\/\/taekniheimur.is\/pl\/wp-json\/wp\/v2\/media?parent=147"}],"curies":[{"name":"wp","href":"https:\/\/api.w.org\/{rel}","templated":true}]}}