{"id":1955,"date":"2025-10-10T13:30:02","date_gmt":"2025-10-10T13:30:02","guid":{"rendered":"https:\/\/taekniheimur.is\/?page_id=1955"},"modified":"2025-10-10T13:45:07","modified_gmt":"2025-10-10T13:45:07","slug":"terms","status":"publish","type":"page","link":"https:\/\/taekniheimur.is\/pl\/terms\/","title":{"rendered":"Warunki korzystania z serwisu"},"content":{"rendered":"<div data-elementor-type=\"wp-page\" data-elementor-id=\"1955\" class=\"elementor elementor-1955\" data-elementor-post-type=\"page\">\n\t\t\t\t<div data-dce-background-image-url=\"https:\/\/taekniheimur.is\/wp-content\/uploads\/2025\/08\/1920x540.jpg\" class=\"elementor-element elementor-element-07a8b19 e-flex e-con-boxed e-con e-parent\" data-id=\"07a8b19\" data-element_type=\"container\" data-settings=\"{&quot;background_background&quot;:&quot;classic&quot;}\">\n\t\t\t\t\t<div class=\"e-con-inner\">\n\t\t<div class=\"elementor-element elementor-element-7d23794 e-con-full e-flex e-con e-child\" data-id=\"7d23794\" data-element_type=\"container\">\n\t\t\t\t<div class=\"elementor-element elementor-element-b08091b elementor-widget elementor-widget-heading\" data-id=\"b08091b\" data-element_type=\"widget\" data-widget_type=\"heading.default\">\n\t\t\t\t\t<h1 class=\"elementor-heading-title elementor-size-default\">Warunki korzystania z serwisu<\/h1>\t\t\t\t<\/div>\n\t\t\t\t<div class=\"elementor-element elementor-element-21b75ad elementor-widget-divider--view-line elementor-widget elementor-widget-divider\" data-id=\"21b75ad\" data-element_type=\"widget\" data-widget_type=\"divider.default\">\n\t\t\t\t\t\t\t<div class=\"elementor-divider\">\n\t\t\t<span class=\"elementor-divider-separator\">\n\t\t\t\t\t\t<\/span>\n\t\t<\/div>\n\t\t\t\t\t\t<\/div>\n\t\t\t\t<div class=\"elementor-element elementor-element-708e33c elementor-widget elementor-widget-heading\" data-id=\"708e33c\" data-element_type=\"widget\" data-widget_type=\"heading.default\">\n\t\t\t\t\t<h6 class=\"elementor-heading-title elementor-size-default\">Informacje kontaktowe<\/h6>\t\t\t\t<\/div>\n\t\t\t\t<div class=\"elementor-element elementor-element-1c54129 elementor-align-center elementor-icon-list--layout-traditional elementor-list-item-link-full_width elementor-widget elementor-widget-icon-list\" data-id=\"1c54129\" data-element_type=\"widget\" data-widget_type=\"icon-list.default\">\n\t\t\t\t\t\t\t<ul class=\"elementor-icon-list-items\">\n\t\t\t\t\t\t\t<li class=\"elementor-icon-list-item\">\n\t\t\t\t\t\t\t\t\t\t\t<a href=\"tel:+354%208832031\">\n\n\t\t\t\t\t\t\t\t\t\t\t<span class=\"elementor-icon-list-text\">8832031<\/span>\n\t\t\t\t\t\t\t\t\t\t\t<\/a>\n\t\t\t\t\t\t\t\t\t<\/li>\n\t\t\t\t\t\t\t\t<li class=\"elementor-icon-list-item\">\n\t\t\t\t\t\t\t\t\t\t\t<a href=\"mailto:info@taekniheimur.is\">\n\n\t\t\t\t\t\t\t\t\t\t\t<span class=\"elementor-icon-list-text\">info@taekniheimur.is<\/span>\n\t\t\t\t\t\t\t\t\t\t\t<\/a>\n\t\t\t\t\t\t\t\t\t<\/li>\n\t\t\t\t\t\t<\/ul>\n\t\t\t\t\t\t<\/div>\n\t\t\t\t<\/div>\n\t\t\t\t\t<\/div>\n\t\t\t\t<\/div>\n\t\t<div class=\"elementor-element elementor-element-7732e6f e-flex e-con-boxed e-con e-parent\" data-id=\"7732e6f\" data-element_type=\"container\">\n\t\t\t\t\t<div class=\"e-con-inner\">\n\t\t\t\t<div class=\"elementor-element elementor-element-a650764 elementor-widget elementor-widget-text-editor\" data-id=\"a650764\" data-element_type=\"widget\" data-widget_type=\"text-editor.default\">\n\t\t\t\t\t\t\t\t\t<div class=\"boxTitle\"><div class=\"boxTitle\"><h1><b style=\"font-size: 16px;\">Terms and Conditions of T\u00e6kniheimur.is<\/b><\/h1><\/div><div class=\"boxText\"><div class=\"entry almennt\"><div class=\"entryContent\"><p><b>T\u00e6kniheimur.is reserves the right to change the rules and conditions without notice. All prices on the site are published subject to input and system errors.<\/b><\/p><p><strong>When confirming an order in the online store or when establishing a business relationship with T\u00e6kniheimur.is, the customer agrees to the following terms and conditions:<\/strong><\/p><p><b>\u00a0<\/b><\/p><p><b>#Payment options<\/b><\/p><p>We currently offer the following payment options:<\/p><p>&#8211; Bank transfer (Not through the online store)<\/p><p>&#8211; Cash (Only upon delivery of equipment\/product)<\/p><p><b>\u00a0<\/b><\/p><p><b># Right of return<\/b><\/p><p>14-day right of return of products, even if the packaging has been opened and tested, against presentation of a receipt for purchase, or confirmation of receipt that satisfactorily shows when the product was purchased or delivered. The customer is responsible for the deterioration in the value of the product resulting from its handling, which is not considered necessary to confirm the properties and functionality. Furthermore, packaging, accessories and manuals must be included with the product.<\/p><p><strong>This right of return does not apply to any products that are installed or replaced in game consoles (e.g. Mod cubes, joysticks, PCB components, batteries, screens, etc.) that were installed in a computer with the customer&#8217;s consent.<\/strong><\/p><p>If a product is returned or notified of a return within 14 days of purchase or delivery, the customer will be offered a full refund or a credit note equal to the original purchase price, but after that the price at the time of return will be based on the price at the time of return, if lower.<\/p><p>30-day right of return of products if they are in unopened packaging upon presentation of a receipt for purchase, or confirmation of receipt that satisfactorily shows when the product was purchased or delivered. This right of return does not apply to special orders or sale items.<\/p><p>The customer bears the direct cost of returning the product and is responsible for bringing the product to T\u00e6kniheimur.is<br \/>Returns are accepted at V\u00edkur\u00e1s 1, 110 Reykjav\u00edk during the stated workshop opening hours.<br \/>You can also report the return of the product within 14 days of receiving the equipment to the email address thjonusta@taekniheimur.is.<br \/>The right of return does not apply to specially ordered products, software that has been opened\/activated and services that have already been provided.<\/p><p><b>Note: The customer is responsible for the cost of shipping when returning the product.<br \/><\/b><\/p><p><b>\u00a0<\/b><\/p><p><b>#Product Warranty<br \/><br \/><\/b><\/p><p>The sales invoice for the product is considered a warranty certificate and the warranty is valid from the date of purchase.<br \/>All new hardware that T\u00e6kniheimur.is delivers is guaranteed for a defined service period. If the warranty period is not defined, it is 2 years.<br \/>The general warranty period for products is 2 years unless otherwise specifically stated on the purchase invoice or in the product description of the relevant product. Warranty covers manufacturing defects and not normal wear and tear or damage due to incorrect use.<br \/>Batteries are considered consumables and are generally covered by a 6 &#8211; 12 month warranty from the manufacturer.<br \/>Warranty on all products is based in all cases on the device having been used correctly and according to the manufacturer&#8217;s instructions or special instructions from T\u00e6kniheimur.is and that the equipment\/device has been properly maintained. Warranty does not cover damage or malfunctions resulting from transportation, incorrect installation, incorrect handling or misuse.<\/p><p><strong>Defects must be reported as soon as possible; no parts of the device may be handled by parties not authorized by the seller unless in consultation with him.<\/strong><br \/><strong>T\u00e6kniheimur.is reserves the right to verify defects.<\/strong><br \/><strong><br \/>Note: In the event of a warranty repair, T\u00e6kniheimur.is does not take responsibility for data or any software that has been installed on the device after purchase.<\/strong><\/p><p><b>\u00a0<\/b><\/p><p><b># Computer equipment repairs<br \/><br \/><\/b><\/p><p>In Iceland, the T\u00e6kniheimur.is Workshop handles repair services and warranty issues on all equipment sold and serviced by T\u00e6kniheimur.is<\/p><p>The T\u00e6kniheimur.is Workshop is located at V\u00edkur\u00e1s 1, 110 Reykjav\u00edk. Phone 883-2031. Email thjonusta@taekniheimur.is<\/p><p><strong>If it is found during an inspection by T\u00e6kniheimur.is or an authorized service provider that the equipment is not defective, the customer must pay an inspection fee of ISK 8,500 at T\u00e6kniheimur.is or in accordance with the applicable price list of the relevant service provider, plus shipping costs if applicable.<\/strong><\/p><p><b>\u00a0<\/b><\/p><p><b><br \/># Warranty for repairs to equipment not sold by T\u00e6kniheimur.is, which a customer brings to the T\u00e6kniheimur.is workshop<br \/><br \/><\/b><\/p><p>We accept equipment for repair at the T\u00e6kniheimur.is workshop located at V\u00edkur\u00e1s 1, 110 Reykjav\u00edk.<\/p><p>A 1-year warranty is provided for work and materials used for repair services on such equipment.<br \/>Warranty for all repair services is based in all cases on the device having been used correctly and in accordance with the manufacturer&#8217;s instructions or special instructions from T\u00e6kniheimur.is and that the device\/device has been properly maintained.<\/p><p>Warranty for repair services does not cover damage or malfunctions resulting from transportation, incorrect installation, incorrect handling or misuse.<\/p><p>T\u00e6kniheimur.is does not compensate for damage that occurs to equipment that T\u00e6kniheimur.is has serviced or repaired after the equipment has been delivered to the customer.<\/p><p>If it turns out, in the opinion of T\u00e6kniheimur.is technicians, that damage to equipment that T\u00e6kniheimur has repaired on behalf of a customer can be directly attributed to errors in T\u00e6kniheimur.is&#8217; work on that equipment, due to defects in the materials used in repairing the equipment or due to defects in the components installed in the equipment, then T\u00e6kniheimur.is will compensate for the damage that occurred due to the repair at the T\u00e6kniheimur.is workshop by repairing the equipment again free of charge.<\/p><p>If the repair is unsuccessful and damage to the equipment can be attributed to T\u00e6kniheimur.is&#8217; work on the equipment, then T\u00e6kniheimur.is will compensate the equipment to the same extent as the equipment insurance of Tryggingaf\u00e9lagis V\u00f6r\u00f0ur with the rules that apply to their liability insurance for electrical equipment.<\/p><p><strong>If it turns out that damage cannot be attributed to T\u00e6kniheimur.is&#8217; work on the equipment, the customer must pay an inspection fee. 8500 kr at T\u00e6kniheimur.is<\/strong><\/p><p>The warranty for work does not cover damage that occurs due to normal wear and tear of equipment due to use.<\/p><p><b>\u00a0<\/b><\/p><p><b># Privacy<br \/><\/b><br \/>T\u00e6kniheimur.is handles personal information in accordance with applicable privacy laws. We only collect information that is necessary for our business with you.<\/p><p>Examples of information we collect:<br \/>Name<br \/>ID number<br \/>Email address<br \/>Home address<br \/>Telephone number<br \/>Payment information<br \/>Your account<\/p><p>As a registered user of the T\u00e6kniheimur.is Online Store, you are responsible for the confidentiality of your username, password and access to the computers that you may use to access the site. When registering, you agree to be responsible for all use cases regarding &#8220;My Account&#8221; (&#8220;My Account&#8221;) and password. T\u00e6kniheimur.is reserves the right to unilaterally refuse service, block access, remove or change the content of the website or stop orders if deemed necessary for security or other reasons.<\/p><p>See more in our privacy policy <span style=\"text-decoration: underline;\"><strong><a href=\"https:\/\/taekniheimur.is\/pl\/privacy_policy\/\">here<\/a><\/strong><\/span><\/p><p><b><br \/>#Cookies<br \/><br \/><\/b>We use cookies to improve the user experience on our website. By using the site, you agree to the use of cookies in accordance with our terms.<\/p><p>When confirming an order in the T\u00e6kniheimur.is online store, customers undertake to accept the T\u00e6kniheimur.is terms<\/p><p>Note: All prices are published subject to typographical errors, price changes and stock status. Prices may change without notice.<\/p><p><b>\u00a0<br \/><\/b><b># Shipping and delivery<br \/><\/b><br \/>We offer the following delivery options:<\/p><p>&#8211; Deliver equipment to the T\u00e6kniheimur.is workshop<\/p><p>&#8211; Postal shipments<\/p><p>Note:<\/p><p>Shipments are made with the carriers that T\u00e6kniheimur.is collaborates with at any given time.<br \/>The cost of postage is either charged upon delivery of the product by postal order or by transfer to the bank account of T\u00e6kniheimur.is<br \/><b>\u00a0<\/b><\/p><p><b>#Law and provisions of the Icelandic Constitution<\/b><\/p><p>The contractual relationship between T\u00e6kniheimur.is and its customers is governed by Icelandic law. In the event of a dispute that cannot be resolved, the customer may contact the Complaints Board for Goods and Services Procurement, Borgart\u00fan 21, 105 Reykjav\u00edk https:\/\/kvth.is. Disputes may also be brought before the Reykjav\u00edk District Court &#8211; Austurstr\u00e6ti 19, 101 Reykjav\u00edk. If any provision of these Terms or the Parties is in conflict with mandatory laws and regulations applicable to them or if such provisions are declared invalid by a court having jurisdiction over the Parties, such contractual provisions shall be reworded in a way that causes the least distortion of the original intent of the Parties within the framework of the relevant laws and court decisions, and the provisions of the Terms and\/or the Parties shall otherwise remain in full force and effect.<\/p><p><b>\u00a0<br \/><\/b><b>#Contact Us<br \/><\/b><br \/>If you have any questions regarding our Terms, please contact us at info@taekniheimur.is<\/p><\/div><div class=\"boxText\"><div class=\"entry almennt\"><div class=\"entryContent\">\u00a0<\/div><\/div><\/div><\/div><\/div><\/div>\t\t\t\t\t\t\t\t<\/div>\n\t\t\t\t\t<\/div>\n\t\t\t\t<\/div>\n\t\t<div class=\"elementor-element elementor-element-ff5b43c e-con-full elementor-hidden-desktop elementor-hidden-tablet elementor-hidden-mobile e-flex e-con e-parent\" data-id=\"ff5b43c\" data-element_type=\"container\">\n\t\t<div class=\"elementor-element elementor-element-76b3bf6 e-con-full e-flex e-con e-child\" data-id=\"76b3bf6\" data-element_type=\"container\">\n\t\t\t\t<div class=\"elementor-element elementor-element-b213760 elementor-widget elementor-widget-heading\" data-id=\"b213760\" data-element_type=\"widget\" data-widget_type=\"heading.default\">\n\t\t\t\t\t<h2 class=\"elementor-heading-title elementor-size-default\">Opinie klient\u00f3w<\/h2>\t\t\t\t<\/div>\n\t\t<div class=\"elementor-element elementor-element-d63d0e3 e-con-full e-flex e-con e-child\" data-id=\"d63d0e3\" data-element_type=\"container\">\n\t\t<div class=\"elementor-element elementor-element-932a07e e-con-full e-flex e-con e-child\" data-id=\"932a07e\" data-element_type=\"container\">\n\t\t\t\t<div class=\"elementor-element elementor-element-2c9c150 elementor-widget elementor-widget-testimonial\" data-id=\"2c9c150\" data-element_type=\"widget\" data-widget_type=\"testimonial.default\">\n\t\t\t\t\t\t\t<div class=\"elementor-testimonial-wrapper\">\n\t\t\t\t\t\t\t<div class=\"elementor-testimonial-content\">\u201eReferencja klienta, kt\u00f3ry skorzysta\u0142 z Twojego produktu lub us\u0142ugi. Referencje mog\u0105 by\u0107 bardzo skutecznym sposobem na budowanie wiarygodno\u015bci i popraw\u0119 reputacji Twojej firmy\u201d.<\/div>\n\t\t\t\n\t\t\t\t\t\t<div class=\"elementor-testimonial-meta elementor-has-image elementor-testimonial-image-position-aside\">\n\t\t\t\t<div class=\"elementor-testimonial-meta-inner\">\n\t\t\t\t\t\t\t\t\t\t\t<div class=\"elementor-testimonial-image\">\n\t\t\t\t\t\t\t<img decoding=\"async\" src=\"https:\/\/taekniheimur.is\/wp-content\/uploads\/2025\/08\/63x63.jpg\" title=\"\" alt=\"\" loading=\"lazy\" \/>\t\t\t\t\t\t<\/div>\n\t\t\t\t\t\n\t\t\t\t\t\t\t\t\t\t<div class=\"elementor-testimonial-details\">\n\t\t\t\t\t\t\t\t\t\t\t\t\t\t<div class=\"elementor-testimonial-name\">Nazwa klienta<\/div>\n\t\t\t\t\t\t\t\t\t\t\t\t\t\t\t\t\t\t\t<\/div>\n\t\t\t\t\t\t\t\t\t<\/div>\n\t\t\t<\/div>\n\t\t\t\t\t<\/div>\n\t\t\t\t\t\t<\/div>\n\t\t\t\t<\/div>\n\t\t<div class=\"elementor-element elementor-element-bd0f685 e-con-full e-flex e-con e-child\" data-id=\"bd0f685\" data-element_type=\"container\">\n\t\t\t\t<div class=\"elementor-element elementor-element-b1d9718 elementor-widget elementor-widget-testimonial\" data-id=\"b1d9718\" data-element_type=\"widget\" data-widget_type=\"testimonial.default\">\n\t\t\t\t\t\t\t<div class=\"elementor-testimonial-wrapper\">\n\t\t\t\t\t\t\t<div class=\"elementor-testimonial-content\">\u201eReferencja klienta, kt\u00f3ry skorzysta\u0142 z Twojego produktu lub us\u0142ugi. Referencje mog\u0105 by\u0107 bardzo skutecznym sposobem na budowanie wiarygodno\u015bci i popraw\u0119 reputacji Twojej firmy\u201d.<\/div>\n\t\t\t\n\t\t\t\t\t\t<div class=\"elementor-testimonial-meta elementor-has-image elementor-testimonial-image-position-aside\">\n\t\t\t\t<div class=\"elementor-testimonial-meta-inner\">\n\t\t\t\t\t\t\t\t\t\t\t<div class=\"elementor-testimonial-image\">\n\t\t\t\t\t\t\t<img decoding=\"async\" src=\"https:\/\/taekniheimur.is\/wp-content\/uploads\/2025\/08\/63x63.jpg\" title=\"\" alt=\"\" loading=\"lazy\" \/>\t\t\t\t\t\t<\/div>\n\t\t\t\t\t\n\t\t\t\t\t\t\t\t\t\t<div class=\"elementor-testimonial-details\">\n\t\t\t\t\t\t\t\t\t\t\t\t\t\t<div class=\"elementor-testimonial-name\">Nazwa klienta<\/div>\n\t\t\t\t\t\t\t\t\t\t\t\t\t\t\t\t\t\t\t<\/div>\n\t\t\t\t\t\t\t\t\t<\/div>\n\t\t\t<\/div>\n\t\t\t\t\t<\/div>\n\t\t\t\t\t\t<\/div>\n\t\t\t\t<\/div>\n\t\t<div class=\"elementor-element elementor-element-304fd3d e-con-full e-flex e-con e-child\" data-id=\"304fd3d\" data-element_type=\"container\">\n\t\t\t\t<div class=\"elementor-element elementor-element-4acd07e elementor-widget elementor-widget-testimonial\" data-id=\"4acd07e\" data-element_type=\"widget\" data-widget_type=\"testimonial.default\">\n\t\t\t\t\t\t\t<div class=\"elementor-testimonial-wrapper\">\n\t\t\t\t\t\t\t<div class=\"elementor-testimonial-content\">\u201eReferencja klienta, kt\u00f3ry skorzysta\u0142 z Twojego produktu lub us\u0142ugi. Referencje mog\u0105 by\u0107 bardzo skutecznym sposobem na budowanie wiarygodno\u015bci i popraw\u0119 reputacji Twojej firmy\u201d.<\/div>\n\t\t\t\n\t\t\t\t\t\t<div class=\"elementor-testimonial-meta elementor-has-image elementor-testimonial-image-position-aside\">\n\t\t\t\t<div class=\"elementor-testimonial-meta-inner\">\n\t\t\t\t\t\t\t\t\t\t\t<div class=\"elementor-testimonial-image\">\n\t\t\t\t\t\t\t<img decoding=\"async\" src=\"https:\/\/taekniheimur.is\/wp-content\/uploads\/2025\/08\/63x63.jpg\" title=\"\" alt=\"\" loading=\"lazy\" \/>\t\t\t\t\t\t<\/div>\n\t\t\t\t\t\n\t\t\t\t\t\t\t\t\t\t<div class=\"elementor-testimonial-details\">\n\t\t\t\t\t\t\t\t\t\t\t\t\t\t<div class=\"elementor-testimonial-name\">Nazwa klienta<\/div>\n\t\t\t\t\t\t\t\t\t\t\t\t\t\t\t\t\t\t\t<\/div>\n\t\t\t\t\t\t\t\t\t<\/div>\n\t\t\t<\/div>\n\t\t\t\t\t<\/div>\n\t\t\t\t\t\t<\/div>\n\t\t\t\t<\/div>\n\t\t\t\t<\/div>\n\t\t\t\t<\/div>\n\t\t\t\t<\/div>\n\t\t\t\t<\/div>","protected":false},"excerpt":{"rendered":"<p>Terms and Conditions Contact Info 8832031 info@taekniheimur.is Terms and Conditions of T\u00e6kniheimur.is T\u00e6kniheimur.is reserves the right to change the rules and conditions without notice. All prices on the site are published subject to input and system errors. When confirming an order in the online store or when establishing a business relationship with T\u00e6kniheimur.is, the customer [&hellip;]<\/p>","protected":false},"author":2,"featured_media":0,"parent":0,"menu_order":0,"comment_status":"closed","ping_status":"closed","template":"elementor_header_footer","meta":{"footnotes":""},"class_list":["post-1955","page","type-page","status-publish","hentry"],"_links":{"self":[{"href":"https:\/\/taekniheimur.is\/pl\/wp-json\/wp\/v2\/pages\/1955","targetHints":{"allow":["GET"]}}],"collection":[{"href":"https:\/\/taekniheimur.is\/pl\/wp-json\/wp\/v2\/pages"}],"about":[{"href":"https:\/\/taekniheimur.is\/pl\/wp-json\/wp\/v2\/types\/page"}],"author":[{"embeddable":true,"href":"https:\/\/taekniheimur.is\/pl\/wp-json\/wp\/v2\/users\/2"}],"replies":[{"embeddable":true,"href":"https:\/\/taekniheimur.is\/pl\/wp-json\/wp\/v2\/comments?post=1955"}],"version-history":[{"count":0,"href":"https:\/\/taekniheimur.is\/pl\/wp-json\/wp\/v2\/pages\/1955\/revisions"}],"wp:attachment":[{"href":"https:\/\/taekniheimur.is\/pl\/wp-json\/wp\/v2\/media?parent=1955"}],"curies":[{"name":"wp","href":"https:\/\/api.w.org\/{rel}","templated":true}]}}