{"id":77,"date":"2025-08-21T17:03:28","date_gmt":"2025-08-21T17:03:28","guid":{"rendered":"https:\/\/taekniheimur.is\/my-account\/"},"modified":"2025-10-05T16:31:49","modified_gmt":"2025-10-05T16:31:49","slug":"my-account","status":"publish","type":"page","link":"https:\/\/taekniheimur.is\/pl\/my-account\/","title":{"rendered":"Moje konto"},"content":{"rendered":"<div data-elementor-type=\"wp-page\" data-elementor-id=\"77\" class=\"elementor elementor-77\" data-elementor-post-type=\"page\">\n\t\t\t\t<div class=\"elementor-element elementor-element-a73ece9 e-flex e-con-boxed e-con e-parent\" data-id=\"a73ece9\" data-element_type=\"container\">\n\t\t\t\t\t<div class=\"e-con-inner\">\n\t\t\t\t<div class=\"elementor-element elementor-element-3e4b83d elementor-widget elementor-widget-heading\" data-id=\"3e4b83d\" data-element_type=\"widget\" data-widget_type=\"heading.default\">\n\t\t\t\t\t<h2 class=\"elementor-heading-title elementor-size-default\">Moje konto<\/h2>\t\t\t\t<\/div>\n\t\t\t\t\t<\/div>\n\t\t\t\t<\/div>\n\t\t<div class=\"elementor-element elementor-element-5cae5f4d e-flex e-con-boxed e-con e-parent\" data-id=\"5cae5f4d\" data-element_type=\"container\">\n\t\t\t\t\t<div class=\"e-con-inner\">\n\t\t<div class=\"elementor-element elementor-element-1da5522 e-con-full e-flex e-con e-child\" data-id=\"1da5522\" data-element_type=\"container\">\n\t\t\t\t<div class=\"elementor-element elementor-element-bbc2f98 e-my-account-tabs-vertical elementor-widget elementor-widget-woocommerce-my-account\" data-id=\"bbc2f98\" data-element_type=\"widget\" data-settings=\"{&quot;customize_dashboard_check&quot;:&quot;yes&quot;}\" data-widget_type=\"woocommerce-my-account.default\">\n\t\t\t\t\t<div class=\"e-my-account-tab e-my-account-tab__\">\t\t\t<div class=\"woocommerce\"><\/div>\t\t<\/div>\n\t\t\t\t\t\t<\/div>\n\t\t\t\t<\/div>\n\t\t\t\t\t<\/div>\n\t\t\t\t<\/div>\n\t\t\t\t<\/div>","protected":false},"excerpt":{"rendered":"<p>Panel mojego konta Zam\u00f3wienia Adresy Dane konta Wyloguj si\u0119 Witaj Haukur (nie Haukur? Wyloguj si\u0119) Z poziomu panelu konta mo\u017cesz przegl\u0105da\u0107 swoje ostatnie zam\u00f3wienia, zarz\u0105dza\u0107 adresami wysy\u0142ki i rozlicze\u0144, a tak\u017ce edytowa\u0107 has\u0142o i dane konta.<\/p>","protected":false},"author":2,"featured_media":0,"parent":0,"menu_order":0,"comment_status":"closed","ping_status":"closed","template":"","meta":{"footnotes":""},"class_list":["post-77","page","type-page","status-publish","hentry"],"_links":{"self":[{"href":"https:\/\/taekniheimur.is\/pl\/wp-json\/wp\/v2\/pages\/77","targetHints":{"allow":["GET"]}}],"collection":[{"href":"https:\/\/taekniheimur.is\/pl\/wp-json\/wp\/v2\/pages"}],"about":[{"href":"https:\/\/taekniheimur.is\/pl\/wp-json\/wp\/v2\/types\/page"}],"author":[{"embeddable":true,"href":"https:\/\/taekniheimur.is\/pl\/wp-json\/wp\/v2\/users\/2"}],"replies":[{"embeddable":true,"href":"https:\/\/taekniheimur.is\/pl\/wp-json\/wp\/v2\/comments?post=77"}],"version-history":[{"count":0,"href":"https:\/\/taekniheimur.is\/pl\/wp-json\/wp\/v2\/pages\/77\/revisions"}],"wp:attachment":[{"href":"https:\/\/taekniheimur.is\/pl\/wp-json\/wp\/v2\/media?parent=77"}],"curies":[{"name":"wp","href":"https:\/\/api.w.org\/{rel}","templated":true}]}}