{"id":1227,"date":"2025-09-13T13:17:24","date_gmt":"2025-09-13T13:17:24","guid":{"rendered":"https:\/\/taekniheimur.is\/?post_type=product&#038;p=1227"},"modified":"2025-11-06T22:23:20","modified_gmt":"2025-11-06T22:23:20","slug":"nintendo-switch-repair","status":"publish","type":"product","link":"https:\/\/taekniheimur.is\/pl\/produkt\/nintendo-switch-repair\/","title":{"rendered":"Nintendo Switch Joystick Replacement"},"content":{"rendered":"<p>&nbsp;<\/p>\n<p><strong>Czy Twoje joysticki Switch szwankuj\u0105?<\/strong><\/p>\n<p><strong>Nie martw si\u0119, mamy idealne rozwi\u0105zanie!<\/strong><br \/>\nJe\u015bli Twoja konsola Nintendo Switch ma problemy z dryfowaniem, brakiem reakcji sterowania lub po prostu zu\u017cytymi dr\u0105\u017ckami, oferujemy profesjonaln\u0105 wymian\u0119 joystick\u00f3w, dzi\u0119ki kt\u00f3rej Twoja konsola zn\u00f3w b\u0119dzie jak nowa.<\/p>\n<p><strong>Profesjonalna naprawa i wymiana<\/strong><\/p>\n<ul>\n<li>Starannie wymienimy uszkodzone joysticki w Twojej konsoli Switch, zapewniaj\u0105c p\u0142ynn\u0105 prac\u0119 i trwa\u0142o\u015b\u0107.<\/li>\n<li>U\u017cywamy wy\u0142\u0105cznie cz\u0119\u015bci najwy\u017cszej jako\u015bci i gwarantujemy precyzyjny monta\u017c, dzi\u0119ki czemu mo\u017cesz wr\u00f3ci\u0107 do gry bez frustracji.<\/li>\n<\/ul>\n<p>&nbsp;<\/p>\n<p><strong>Wybierz swoje joysticki<\/strong><\/p>\n<p>Oferujemy dwa rodzaje zamiennik\u00f3w joystick\u00f3w, aby dopasowa\u0107 je do Twoich potrzeb i preferencji:<\/p>\n<p><em><strong>Joysticki OEM (oryginalny styl)<\/strong><\/em><\/p>\n<ul>\n<li>Dost\u0119pne w r\u00f3\u017cnych kolorach, kt\u00f3re dopasujesz do swojego stylu.<\/li>\n<li>Wygl\u0105d i obs\u0142uga identyczna jak w oryginalnych fabrycznych joystickach.<\/li>\n<li>Ekonomiczny spos\u00f3b na przywr\u00f3cenie pierwotnej wydajno\u015bci konsoli Switch.<\/li>\n<\/ul>\n<p>&nbsp;<\/p>\n<p><em><strong>Joysticki z efektem Halla (aktualizacja premium)<\/strong><\/em><\/p>\n<ul>\n<li>Zbudowany z zaawansowanych czujnik\u00f3w magnetycznych, eliminuj\u0105cych problemy z dryfowaniem.<\/li>\n<li>Trwalsze od standardowych patyczk\u00f3w OEM.<\/li>\n<li>Zaprojektowane dla p\u0142ynniejszej, bardziej precyzyjnej kontroli i d\u0142u\u017cszej \u017cywotno\u015bci.<\/li>\n<\/ul>\n<p>&nbsp;<\/p>\n<p><strong>Dlaczego warto dokona\u0107 aktualizacji?<\/strong><\/p>\n<p>Je\u015bli szukasz najbardziej niezawodnego i wolnego od dryftu joysticka, to najlepszym wyborem b\u0119d\u0105 joysticki z efektem Halla.<br \/>\nJe\u015bli jednak zale\u017cy Ci na klasycznym wygl\u0105dzie w przyst\u0119pnej cenie, dr\u0105\u017cki OEM b\u0119d\u0105 \u015bwietn\u0105 opcj\u0105.<\/p>\n<p><strong>W ka\u017cdym przypadku otrzymasz profesjonaln\u0105 wymian\u0119, dzi\u0119ki kt\u00f3rej b\u0119dziesz m\u00f3g\u0142 gra\u0107 bez przeszk\u00f3d.<\/strong><\/p>","protected":false},"excerpt":{"rendered":"<p>\ud83c\udfae <strong data-start=\"138\" data-end=\"183\">Napraw swoje dryfuj\u0105ce joysticki Switch ju\u017c dzi\u015b!<\/strong><br data-start=\"183\" data-end=\"186\" \/>Wybierz pomi\u0119dzy kolorowymi zamiennikami OEM lub wysokiej jako\u015bci, odpornymi na dryft joystickami z efektem Halla \u2014 oba typy s\u0105 montowane profesjonalnie, co zapewnia p\u0142ynn\u0105 i niezawodn\u0105 rozgrywk\u0119.<\/p>","protected":false},"featured_media":1251,"comment_status":"open","ping_status":"closed","template":"","meta":[],"product_brand":[],"product_cat":[41],"product_tag":[49],"class_list":{"0":"post-1227","1":"product","2":"type-product","3":"status-publish","4":"has-post-thumbnail","6":"product_cat-switch-repair","7":"product_tag-switchrepair","9":"first","10":"instock","11":"shipping-taxable","12":"purchasable","13":"product-type-variable"},"exclude_global_add_ons":[],"addons":[],"_links":{"self":[{"href":"https:\/\/taekniheimur.is\/pl\/wp-json\/wp\/v2\/product\/1227","targetHints":{"allow":["GET"]}}],"collection":[{"href":"https:\/\/taekniheimur.is\/pl\/wp-json\/wp\/v2\/product"}],"about":[{"href":"https:\/\/taekniheimur.is\/pl\/wp-json\/wp\/v2\/types\/product"}],"replies":[{"embeddable":true,"href":"https:\/\/taekniheimur.is\/pl\/wp-json\/wp\/v2\/comments?post=1227"}],"version-history":[{"count":3,"href":"https:\/\/taekniheimur.is\/pl\/wp-json\/wp\/v2\/product\/1227\/revisions"}],"predecessor-version":[{"id":2147,"href":"https:\/\/taekniheimur.is\/pl\/wp-json\/wp\/v2\/product\/1227\/revisions\/2147"}],"wp:featuredmedia":[{"embeddable":true,"href":"https:\/\/taekniheimur.is\/pl\/wp-json\/wp\/v2\/media\/1251"}],"wp:attachment":[{"href":"https:\/\/taekniheimur.is\/pl\/wp-json\/wp\/v2\/media?parent=1227"}],"wp:term":[{"taxonomy":"product_brand","embeddable":true,"href":"https:\/\/taekniheimur.is\/pl\/wp-json\/wp\/v2\/product_brand?post=1227"},{"taxonomy":"product_cat","embeddable":true,"href":"https:\/\/taekniheimur.is\/pl\/wp-json\/wp\/v2\/product_cat?post=1227"},{"taxonomy":"product_tag","embeddable":true,"href":"https:\/\/taekniheimur.is\/pl\/wp-json\/wp\/v2\/product_tag?post=1227"}],"curies":[{"name":"wp","href":"https:\/\/api.w.org\/{rel}","templated":true}]}}