{"id":1262,"date":"2025-09-13T15:07:25","date_gmt":"2025-09-13T15:07:25","guid":{"rendered":"https:\/\/taekniheimur.is\/?post_type=product&#038;p=1262"},"modified":"2025-11-02T00:05:26","modified_gmt":"2025-11-02T00:05:26","slug":"nintendo-switch-charging-port-repair","status":"publish","type":"product","link":"https:\/\/taekniheimur.is\/pl\/produkt\/nintendo-switch-charging-port-repair\/","title":{"rendered":"Nintendo Switch Charging Repair"},"content":{"rendered":"<p>&nbsp;<\/p>\n<p><strong>Has the charging port in your Switch started to fail or does the console not charge correctly anymore?<\/strong><br \/>\nNo worries \u2014 we can professionally replace the charging port for you, or fix the charging circuit!<br \/>\nIf your Nintendo Switch no longer charges properly, only works when the cable is held at an angle, or doesn\u2019t dock like it should, the charging circuit or the charging port is the culprit.<\/p>\n<p><strong>Profesjonalna naprawa i wymiana<\/strong><\/p>\n<p>Our technicians can either repair the charging circuit or remove the faulty charging port and solder in a brand-new OEM replacement.<br \/>\nThis process requires precision tools and expertise, to either fix the charging circuit or to ensure the new USB-C port is securely installed and functions just like the original.<br \/>\nDzi\u0119ki profesjonalnej obs\u0142udze mo\u017cesz mie\u0107 pewno\u015b\u0107, \u017ce Twoja konsola jest w dobrych r\u0119kach.<\/p>\n<p><strong>Dlaczego warto wybra\u0107 nasze us\u0142ugi?<\/strong><\/p>\n<ul>\n<li>Cz\u0119\u015bci o jako\u015bci OEM \u2013 wykorzystujemy wy\u0142\u0105cznie oficjalne porty \u0142adowania przeznaczone do konsoli Switch.<\/li>\n<li>Expert Soldering Work \u2013 Precise repair and installation for lasting reliability.<\/li>\n<li>Przywr\u00f3\u0107 pe\u0142n\u0105 funkcjonalno\u015b\u0107 \u2013 ciesz si\u0119 p\u0142ynnym \u0142adowaniem, prawid\u0142owym dokowaniem i spokojem ducha.<\/li>\n<\/ul>\n<p><strong>Bring your Switch back to life by fixing the charging circuit or with a brand-new charging port installed by professionals.<\/strong><\/p>","protected":false},"excerpt":{"rendered":"<p><strong>Czy Twoja konsola Nintendo Switch nie \u0142aduje si\u0119 lub nie dokuje prawid\u0142owo?<\/strong><\/p>\n<p>We\u2019ll professionally repair the charging circuit or replace the faulty charging port with a brand-new OEM part, ensuring reliable performance and long-lasting results.<\/p>","protected":false},"featured_media":1274,"comment_status":"open","ping_status":"closed","template":"","meta":[],"product_brand":[],"product_cat":[41],"product_tag":[51],"class_list":{"0":"post-1262","1":"product","2":"type-product","3":"status-publish","4":"has-post-thumbnail","6":"product_cat-switch-repair","7":"product_tag-switchport","9":"first","10":"instock","11":"shipping-taxable","12":"purchasable","13":"product-type-variable"},"exclude_global_add_ons":[],"addons":[],"_links":{"self":[{"href":"https:\/\/taekniheimur.is\/pl\/wp-json\/wp\/v2\/product\/1262","targetHints":{"allow":["GET"]}}],"collection":[{"href":"https:\/\/taekniheimur.is\/pl\/wp-json\/wp\/v2\/product"}],"about":[{"href":"https:\/\/taekniheimur.is\/pl\/wp-json\/wp\/v2\/types\/product"}],"replies":[{"embeddable":true,"href":"https:\/\/taekniheimur.is\/pl\/wp-json\/wp\/v2\/comments?post=1262"}],"version-history":[{"count":3,"href":"https:\/\/taekniheimur.is\/pl\/wp-json\/wp\/v2\/product\/1262\/revisions"}],"predecessor-version":[{"id":2095,"href":"https:\/\/taekniheimur.is\/pl\/wp-json\/wp\/v2\/product\/1262\/revisions\/2095"}],"wp:featuredmedia":[{"embeddable":true,"href":"https:\/\/taekniheimur.is\/pl\/wp-json\/wp\/v2\/media\/1274"}],"wp:attachment":[{"href":"https:\/\/taekniheimur.is\/pl\/wp-json\/wp\/v2\/media?parent=1262"}],"wp:term":[{"taxonomy":"product_brand","embeddable":true,"href":"https:\/\/taekniheimur.is\/pl\/wp-json\/wp\/v2\/product_brand?post=1262"},{"taxonomy":"product_cat","embeddable":true,"href":"https:\/\/taekniheimur.is\/pl\/wp-json\/wp\/v2\/product_cat?post=1262"},{"taxonomy":"product_tag","embeddable":true,"href":"https:\/\/taekniheimur.is\/pl\/wp-json\/wp\/v2\/product_tag?post=1262"}],"curies":[{"name":"wp","href":"https:\/\/api.w.org\/{rel}","templated":true}]}}