{"id":2167,"date":"2026-01-14T12:44:41","date_gmt":"2026-01-14T12:44:41","guid":{"rendered":"https:\/\/taekniheimur.is\/?post_type=product&#038;p=2167"},"modified":"2026-03-06T02:41:53","modified_gmt":"2026-03-06T02:41:53","slug":"playstation-5-hdmi-connector-repair","status":"publish","type":"product","link":"https:\/\/taekniheimur.is\/pl\/produkt\/playstation-5-hdmi-connector-repair\/","title":{"rendered":"PS5 &#8211; HDMI Connector Repair"},"content":{"rendered":"<p><strong>Has the HDMI port in your Playstation 5 started to fail, Is it broken or not working?<\/strong><\/p>\n<p>No worries \u2014 we can professionally replace the HDMI port for you and fix all other problems related to the HDMI output of the PS5.<\/p>\n<p><strong>Profesjonalna naprawa i wymiana<\/strong><\/p>\n<p>Our technicians replace the HDMI port as well as strengthening the connection of the HDMI port to the motherboard to prevent it breaking again.<br \/>\nThis process requires precision tools and expertise, to ensure the new HDMI port is securely installed and functions just like the original.<br \/>\nDzi\u0119ki profesjonalnej obs\u0142udze mo\u017cesz mie\u0107 pewno\u015b\u0107, \u017ce Twoja konsola jest w dobrych r\u0119kach.<\/p>\n<p><strong>Dlaczego warto wybra\u0107 nasze us\u0142ugi?<\/strong><\/p>\n<ul>\n<li>OEM Quality Parts \u2013 We use only official OEM HDMI ports made for the PS5.<\/li>\n<li>Expert Soldering Work \u2013 Precise repair and installation for lasting reliability.<\/li>\n<li>Przywr\u00f3\u0107 pe\u0142n\u0105 funkcjonalno\u015b\u0107 \u2013 ciesz si\u0119 p\u0142ynnym \u0142adowaniem, prawid\u0142owym dokowaniem i spokojem ducha.<\/li>\n<\/ul>\n<p><strong>Bring your PS5 back to life by fixing the HDMI port and replace it with a brand-new HDMI port installed by professionals.<\/strong><\/p>","protected":false},"excerpt":{"rendered":"<p><strong>Is your PS5&#8217;s HDMI port broken or not working?<\/strong><\/p>\n<p>We\u2019ll professionally repair the HDMI port by replacing it with a brand-new OEM part, ensuring reliable performance and long-lasting results.<\/p>","protected":false},"featured_media":2189,"comment_status":"open","ping_status":"closed","template":"","meta":[],"product_brand":[],"product_cat":[56,39,40],"product_tag":[58],"class_list":{"0":"post-2167","1":"product","2":"type-product","3":"status-publish","4":"has-post-thumbnail","6":"product_cat-playstation-5","7":"product_cat-consoles","8":"product_cat-console-repair","9":"product_tag-ps5hdmi","11":"first","12":"instock","13":"shipping-taxable","14":"purchasable","15":"product-type-simple"},"exclude_global_add_ons":[],"addons":[],"_links":{"self":[{"href":"https:\/\/taekniheimur.is\/pl\/wp-json\/wp\/v2\/product\/2167","targetHints":{"allow":["GET"]}}],"collection":[{"href":"https:\/\/taekniheimur.is\/pl\/wp-json\/wp\/v2\/product"}],"about":[{"href":"https:\/\/taekniheimur.is\/pl\/wp-json\/wp\/v2\/types\/product"}],"replies":[{"embeddable":true,"href":"https:\/\/taekniheimur.is\/pl\/wp-json\/wp\/v2\/comments?post=2167"}],"version-history":[{"count":4,"href":"https:\/\/taekniheimur.is\/pl\/wp-json\/wp\/v2\/product\/2167\/revisions"}],"predecessor-version":[{"id":2188,"href":"https:\/\/taekniheimur.is\/pl\/wp-json\/wp\/v2\/product\/2167\/revisions\/2188"}],"wp:featuredmedia":[{"embeddable":true,"href":"https:\/\/taekniheimur.is\/pl\/wp-json\/wp\/v2\/media\/2189"}],"wp:attachment":[{"href":"https:\/\/taekniheimur.is\/pl\/wp-json\/wp\/v2\/media?parent=2167"}],"wp:term":[{"taxonomy":"product_brand","embeddable":true,"href":"https:\/\/taekniheimur.is\/pl\/wp-json\/wp\/v2\/product_brand?post=2167"},{"taxonomy":"product_cat","embeddable":true,"href":"https:\/\/taekniheimur.is\/pl\/wp-json\/wp\/v2\/product_cat?post=2167"},{"taxonomy":"product_tag","embeddable":true,"href":"https:\/\/taekniheimur.is\/pl\/wp-json\/wp\/v2\/product_tag?post=2167"}],"curies":[{"name":"wp","href":"https:\/\/api.w.org\/{rel}","templated":true}]}}