{"id":2193,"date":"2026-02-21T00:16:05","date_gmt":"2026-02-21T00:16:05","guid":{"rendered":"https:\/\/taekniheimur.is\/?post_type=product&#038;p=2193"},"modified":"2026-03-06T02:19:28","modified_gmt":"2026-03-06T02:19:28","slug":"ps5-controller-hall-effect-joystick-replacement","status":"publish","type":"product","link":"https:\/\/taekniheimur.is\/pl\/produkt\/ps5-controller-hall-effect-joystick-replacement\/","title":{"rendered":"PS5 Controller Hall Effect Joystick Replacement"},"content":{"rendered":"<p>&nbsp;<\/p>\n<p><strong>Are your PS5&#8217;s Joysticks acting up?<\/strong><\/p>\n<p><strong>Nie martw si\u0119, mamy idealne rozwi\u0105zanie!<\/strong><br \/>\nWhether your PS5 Controllers joysticks suffer from drifting, unresponsive controls, or just worn-out sticks, we offer professional joystick replacement so your console feels like new again.<\/p>\n<p><strong>Profesjonalna naprawa i wymiana<\/strong><\/p>\n<ul>\n<li>We will carefully replace the faulty joysticks in your PS5 Controller for Hall effect joysticks, ensuring smooth performance and durability.<\/li>\n<li>U\u017cywamy wy\u0142\u0105cznie cz\u0119\u015bci najwy\u017cszej jako\u015bci i gwarantujemy precyzyjny monta\u017c, dzi\u0119ki czemu mo\u017cesz wr\u00f3ci\u0107 do gry bez frustracji.<\/li>\n<\/ul>\n<p>&nbsp;<\/p>\n<p><em><strong>Hall Effect Joysticks &#8211; Premium Upgrade<\/strong><\/em><\/p>\n<ul>\n<li>Zbudowany z zaawansowanych czujnik\u00f3w magnetycznych, eliminuj\u0105cych problemy z dryfowaniem.<\/li>\n<li>Trwalsze od standardowych patyczk\u00f3w OEM.<\/li>\n<li>Designed for smoother, more precise control and a much longer lifespan.<\/li>\n<\/ul>\n<p>&nbsp;<\/p>\n<p><strong>Dlaczego warto dokona\u0107 aktualizacji?<\/strong><\/p>\n<p>Je\u015bli szukasz najbardziej niezawodnego i wolnego od dryftu joysticka, to najlepszym wyborem b\u0119d\u0105 joysticki z efektem Halla.<\/p>","protected":false},"excerpt":{"rendered":"<p>\ud83c\udfae <strong data-start=\"138\" data-end=\"183\">Fix your drifting PS5 Controller joysticks today!<\/strong><br data-start=\"183\" data-end=\"186\" \/>Premium drift-free Hall Effect joysticks \u2014 both professionally installed for smooth, reliable gaming.<\/p>","protected":false},"featured_media":2197,"comment_status":"open","ping_status":"closed","template":"","meta":[],"product_brand":[],"product_cat":[56],"product_tag":[57],"class_list":{"0":"post-2193","1":"product","2":"type-product","3":"status-publish","4":"has-post-thumbnail","6":"product_cat-playstation-5","7":"product_tag-ps5hall","9":"first","10":"instock","11":"shipping-taxable","12":"purchasable","13":"product-type-simple"},"exclude_global_add_ons":[],"addons":[],"_links":{"self":[{"href":"https:\/\/taekniheimur.is\/pl\/wp-json\/wp\/v2\/product\/2193","targetHints":{"allow":["GET"]}}],"collection":[{"href":"https:\/\/taekniheimur.is\/pl\/wp-json\/wp\/v2\/product"}],"about":[{"href":"https:\/\/taekniheimur.is\/pl\/wp-json\/wp\/v2\/types\/product"}],"replies":[{"embeddable":true,"href":"https:\/\/taekniheimur.is\/pl\/wp-json\/wp\/v2\/comments?post=2193"}],"version-history":[{"count":1,"href":"https:\/\/taekniheimur.is\/pl\/wp-json\/wp\/v2\/product\/2193\/revisions"}],"predecessor-version":[{"id":2199,"href":"https:\/\/taekniheimur.is\/pl\/wp-json\/wp\/v2\/product\/2193\/revisions\/2199"}],"wp:featuredmedia":[{"embeddable":true,"href":"https:\/\/taekniheimur.is\/pl\/wp-json\/wp\/v2\/media\/2197"}],"wp:attachment":[{"href":"https:\/\/taekniheimur.is\/pl\/wp-json\/wp\/v2\/media?parent=2193"}],"wp:term":[{"taxonomy":"product_brand","embeddable":true,"href":"https:\/\/taekniheimur.is\/pl\/wp-json\/wp\/v2\/product_brand?post=2193"},{"taxonomy":"product_cat","embeddable":true,"href":"https:\/\/taekniheimur.is\/pl\/wp-json\/wp\/v2\/product_cat?post=2193"},{"taxonomy":"product_tag","embeddable":true,"href":"https:\/\/taekniheimur.is\/pl\/wp-json\/wp\/v2\/product_tag?post=2193"}],"curies":[{"name":"wp","href":"https:\/\/api.w.org\/{rel}","templated":true}]}}