{"id":874,"date":"2025-09-07T20:25:47","date_gmt":"2025-09-07T20:25:47","guid":{"rendered":"https:\/\/taekniheimur.is\/?post_type=product&#038;p=874"},"modified":"2025-11-04T20:00:58","modified_gmt":"2025-11-04T20:00:58","slug":"switch-modding-service","status":"publish","type":"product","link":"https:\/\/taekniheimur.is\/pl\/produkt\/switch-modding-service\/","title":{"rendered":"Modyfikacja Nintendo Switch"},"content":{"rendered":"<p>&nbsp;<\/p>\n<p><strong>Modyfikacja konsoli Nintendo Switch otwiera przed Tob\u0105 mn\u00f3stwo nowych mo\u017cliwo\u015bci i zabawy!<\/strong><\/p>\n<p>\ud83d\udcbb<span style=\"text-decoration: underline;\"> <strong>Niestandardowe oprogramowanie uk\u0142adowe dla konsoli Nintendo Switch, kt\u00f3re jest w pe\u0142ni konfigurowalne przez u\u017cytkownika<\/strong><\/span><br \/>\n<em>Instalujemy Atmosphere CFW i konfigurujemy EmuNand, dbaj\u0105c o to, aby OFW utrzymywa\u0142 si\u0119 na poziomie 100%.*<br \/>\n<\/em><br \/>\n\ud83c\udfae <span style=\"text-decoration: underline;\"><strong>Aplikacje Homebrew<\/strong><\/span><br \/>\n<em>Install and Play downloaded Switch Games and Rom&#8217;s (.xci &amp; .nsp files)***, Play backups of your own Cartridges, Use Emulators, Stream to &amp; from the switch, Themes, Save tools &amp; much more<br \/>\n<\/em><br \/>\n\ud83d\udce1\u00a0<span style=\"text-decoration: underline;\"><strong>Streamuj gry z PS5 (Chiaki) lub PC\/Steam (Moonlight)<\/strong><\/span><br \/>\n<em>Wreszcie opcja strumieniowania ekranu z <span style=\"text-decoration: underline;\">Switch Lite<\/span> na monitor\/telewizor (SYS-DVR)<br \/>\n<\/em><br \/>\n\ud83d\udd79\ufe0f <span style=\"text-decoration: underline;\"><strong>Mo\u017cliwo\u015b\u0107 korzystania z bezprzewodowych gamepad\u00f3w<\/strong><\/span><br \/>\n<em>U\u017cyj gamepad\u00f3w do PS4\/PS5, Xbox, Wii i innych<br \/>\n<\/em><br \/>\n\ud83d\udd00\u00a0<span style=\"text-decoration: underline;\"><strong>Mo\u017cliwo\u015b\u0107 uruchomienia niestandardowego lub oficjalnego oprogramowania sprz\u0119towego.<\/strong><\/span><br \/>\n<em>Nintendo\u2019s servers are blocked and on CFW the console&#8217;s serial number is hidden, keeping you totally safe online!<br \/>\n<\/em><br \/>\n\ud83c\udfa8 <span style=\"text-decoration: underline;\"><strong>Ulepszone efekty wizualne i grafika na prze\u0142\u0105czniku innym ni\u017c OLED (FIZEAU)<\/strong><\/span><\/p>\n<p><strong>\u2026i wiele wi\u0119cej!<\/strong><\/p>\n<p><em>*CFW \u2013 niestandardowe oprogramowanie uk\u0142adowe, <\/em><em>*OFW \u2013 Oficjalne oprogramowanie uk\u0142adowe, <\/em><em>*EmuNand &#8211; All changes to operating system happen on the SD Card, and do not affect the OFW or the internal storage<\/p>\n<p>***T\u00e6kniheimur.is does not condone software piracy and advises to only download games you have already purchased officially<\/em><\/p>","protected":false},"excerpt":{"rendered":"<p>Us\u0142uga modowania jest dost\u0119pna dla konsoli Nintendo <span style=\"text-decoration: underline;\">Switch,<\/span>Nintendo <span style=\"text-decoration: underline;\">Switch OLED<\/span> i Nintendo <span style=\"text-decoration: underline;\">Switch Lite<\/span><\/p>\n<p>Nintendo <span style=\"text-decoration: underline;\">Prze\u0142\u0105cznik 2<\/span><strong>\u00a0<\/strong>Jest <span style=\"text-decoration: underline;\">NIE<\/span> obs\u0142ugiwane w tym czasie<\/p>","protected":false},"featured_media":373,"comment_status":"open","ping_status":"closed","template":"","meta":[],"product_brand":[],"product_cat":[38],"product_tag":[50],"class_list":{"0":"post-874","1":"product","2":"type-product","3":"status-publish","4":"has-post-thumbnail","6":"product_cat-nintendo-switch-modding","7":"product_tag-switchmodding","9":"first","10":"instock","11":"shipping-taxable","12":"purchasable","13":"product-type-variable"},"exclude_global_add_ons":[],"addons":[],"_links":{"self":[{"href":"https:\/\/taekniheimur.is\/pl\/wp-json\/wp\/v2\/product\/874","targetHints":{"allow":["GET"]}}],"collection":[{"href":"https:\/\/taekniheimur.is\/pl\/wp-json\/wp\/v2\/product"}],"about":[{"href":"https:\/\/taekniheimur.is\/pl\/wp-json\/wp\/v2\/types\/product"}],"replies":[{"embeddable":true,"href":"https:\/\/taekniheimur.is\/pl\/wp-json\/wp\/v2\/comments?post=874"}],"version-history":[{"count":4,"href":"https:\/\/taekniheimur.is\/pl\/wp-json\/wp\/v2\/product\/874\/revisions"}],"predecessor-version":[{"id":2124,"href":"https:\/\/taekniheimur.is\/pl\/wp-json\/wp\/v2\/product\/874\/revisions\/2124"}],"wp:featuredmedia":[{"embeddable":true,"href":"https:\/\/taekniheimur.is\/pl\/wp-json\/wp\/v2\/media\/373"}],"wp:attachment":[{"href":"https:\/\/taekniheimur.is\/pl\/wp-json\/wp\/v2\/media?parent=874"}],"wp:term":[{"taxonomy":"product_brand","embeddable":true,"href":"https:\/\/taekniheimur.is\/pl\/wp-json\/wp\/v2\/product_brand?post=874"},{"taxonomy":"product_cat","embeddable":true,"href":"https:\/\/taekniheimur.is\/pl\/wp-json\/wp\/v2\/product_cat?post=874"},{"taxonomy":"product_tag","embeddable":true,"href":"https:\/\/taekniheimur.is\/pl\/wp-json\/wp\/v2\/product_tag?post=874"}],"curies":[{"name":"wp","href":"https:\/\/api.w.org\/{rel}","templated":true}]}}